{"id":3714,"date":"2023-11-28T15:02:43","date_gmt":"2023-11-28T15:02:43","guid":{"rendered":"https:\/\/oddoffice.com\/personnel-management\/"},"modified":"2024-04-16T09:16:49","modified_gmt":"2024-04-16T09:16:49","slug":"personnel-management","status":"publish","type":"page","link":"https:\/\/oddoffice.com\/en\/personnel-management\/","title":{"rendered":"Personnel management"},"content":{"rendered":"<p><div class=\"fusion-fullwidth fullwidth-box fusion-builder-row-1 fusion-flex-container nonhundred-percent-fullwidth non-hundred-percent-height-scrolling\" style=\"--awb-border-radius-top-left:0px;--awb-border-radius-top-right:0px;--awb-border-radius-bottom-right:0px;--awb-border-radius-bottom-left:0px;--awb-padding-top:80px;--awb-padding-bottom:80px;--awb-padding-top-medium:48px;--awb-padding-bottom-medium:48px;--awb-padding-top-small:20px;--awb-padding-bottom-small:40px;--awb-background-color:var(--awb-color2);--awb-flex-wrap:wrap;\" ><div class=\"fusion-builder-row fusion-row fusion-flex-align-items-flex-start fusion-flex-justify-content-center fusion-flex-content-wrap\" style=\"max-width:1310.4px;margin-left: calc(-4% \/ 2 );margin-right: calc(-4% \/ 2 );\"><div class=\"fusion-layout-column fusion_builder_column fusion-builder-column-0 fusion_builder_column_1_1 1_1 fusion-flex-column\" style=\"--awb-bg-size:cover;--awb-width-large:100%;--awb-margin-top-large:-5%;--awb-spacing-right-large:1.92%;--awb-margin-bottom-large:5%;--awb-spacing-left-large:1.92%;--awb-width-medium:75%;--awb-order-medium:0;--awb-spacing-right-medium:2.56%;--awb-margin-bottom-medium:30px;--awb-spacing-left-medium:2.56%;--awb-width-small:100%;--awb-order-small:0;--awb-spacing-right-small:1.92%;--awb-spacing-left-small:1.92%;\"><div class=\"fusion-column-wrapper fusion-column-has-shadow fusion-flex-justify-content-flex-start fusion-content-layout-column\"><div class=\"fusion-title title fusion-title-1 fusion-sep-none fusion-title-center fusion-title-text fusion-title-size-three\"><h3 class=\"fusion-title-heading title-heading-center fusion-responsive-typography-calculated\" style=\"margin:0;--fontSize:36;line-height:1.3;\">Personnel management for craftsmen<span style=\"color: var(--awb-color7);\">.<\/span><\/h3><\/div><div class=\"fusion-text fusion-text-1\"><p>Din personal hanterar enkelt b\u00e5de sin n\u00e4rvaro och sin fr\u00e5nvaro via v\u00e5r app f\u00f6r tidrapportering. Administrat\u00f6ren kan d\u00e4refter enkelt ta fram n\u00e4rvarorapport, samt fr\u00e5nvarorapport f\u00f6r respektive anst\u00e4lld och ha som underlag till l\u00f6neutbetalning. Du kan \u00e4ven koppla ihop arbetad tid och fr\u00e5nvaro med kalendariet i Fortnox f\u00f6r smidigare l\u00f6nehantering f\u00f6r dig eller personen som arbetar med l\u00f6ner.<\/p>\n<p>Ut\u00f6ver tidsregistreringar kan personalen \u00e4ven planeras upp med hj\u00e4lp av den inbyggda planeringskalendern i oddoffice.<\/p>\n<p>Som administrat\u00f6r f\u00e5r du \u00e4ven tillg\u00e5ng till att samla all din personals olika info p\u00e5 ett och samma st\u00e4lle. Detta kan exempelvis vara storlek p\u00e5 arbetskl\u00e4der, skostorlek, ID-06 nummer osv.<\/p>\n<\/div><\/div><\/div><\/div><\/div><div class=\"fusion-fullwidth fullwidth-box fusion-builder-row-2 fusion-flex-container nonhundred-percent-fullwidth non-hundred-percent-height-scrolling\" style=\"--awb-border-radius-top-left:0px;--awb-border-radius-top-right:0px;--awb-border-radius-bottom-right:0px;--awb-border-radius-bottom-left:0px;--awb-padding-top:120px;--awb-padding-bottom:48px;--awb-padding-top-medium:80px;--awb-padding-top-small:60px;--awb-padding-bottom-small:20px;--awb-flex-wrap:wrap;\" ><div class=\"fusion-builder-row fusion-row fusion-flex-align-items-stretch fusion-flex-content-wrap\" style=\"max-width:1310.4px;margin-left: calc(-4% \/ 2 );margin-right: calc(-4% \/ 2 );\"><div class=\"fusion-layout-column fusion_builder_column fusion-builder-column-1 fusion_builder_column_1_4 1_4 fusion-flex-column\" style=\"--awb-bg-position:center top;--awb-bg-size:cover;--awb-width-large:25%;--awb-margin-top-large:10px;--awb-spacing-right-large:7.68%;--awb-margin-bottom-large:10px;--awb-spacing-left-large:7.68%;--awb-width-medium:33.333333333333%;--awb-order-medium:0;--awb-spacing-right-medium:5.76%;--awb-spacing-left-medium:5.76%;--awb-width-small:100%;--awb-order-small:0;--awb-spacing-right-small:1.92%;--awb-spacing-left-small:1.92%;\"><div class=\"fusion-column-wrapper fusion-column-has-shadow fusion-flex-justify-content-flex-start fusion-content-layout-column\"><div class=\"fusion-image-element \" style=\"text-align:center;--awb-caption-title-font-family:var(--h2_typography-font-family);--awb-caption-title-font-weight:var(--h2_typography-font-weight);--awb-caption-title-font-style:var(--h2_typography-font-style);--awb-caption-title-size:var(--h2_typography-font-size);--awb-caption-title-transform:var(--h2_typography-text-transform);--awb-caption-title-line-height:var(--h2_typography-line-height);--awb-caption-title-letter-spacing:var(--h2_typography-letter-spacing);\"><span class=\" fusion-imageframe imageframe-none imageframe-1 hover-type-none\" style=\"border-radius:12px;\"><img decoding=\"async\" width=\"800\" height=\"800\" alt=\"Time accounting vision\" title=\"behorigheter-personal\" src=\"https:\/\/oddoffice.com\/wp-content\/uploads\/2024\/02\/behorigheter-personal.webp\" class=\"img-responsive wp-image-6123\" srcset=\"https:\/\/oddoffice.com\/wp-content\/uploads\/2024\/02\/behorigheter-personal-66x66.webp 66w, https:\/\/oddoffice.com\/wp-content\/uploads\/2024\/02\/behorigheter-personal-150x150.webp 150w, https:\/\/oddoffice.com\/wp-content\/uploads\/2024\/02\/behorigheter-personal-200x200.webp 200w, https:\/\/oddoffice.com\/wp-content\/uploads\/2024\/02\/behorigheter-personal-300x300.webp 300w, https:\/\/oddoffice.com\/wp-content\/uploads\/2024\/02\/behorigheter-personal-400x400.webp 400w, https:\/\/oddoffice.com\/wp-content\/uploads\/2024\/02\/behorigheter-personal-600x600.webp 600w, https:\/\/oddoffice.com\/wp-content\/uploads\/2024\/02\/behorigheter-personal-768x768.webp 768w, https:\/\/oddoffice.com\/wp-content\/uploads\/2024\/02\/behorigheter-personal.webp 800w\" sizes=\"(max-width: 640px) 100vw, 400px\" \/><\/span><\/div><\/div><\/div><div class=\"fusion-layout-column fusion_builder_column fusion-builder-column-2 fusion_builder_column_3_4 3_4 fusion-flex-column\" style=\"--awb-bg-size:cover;--awb-width-large:75%;--awb-margin-top-large:20px;--awb-spacing-right-large:10.24%;--awb-margin-bottom-large:20px;--awb-spacing-left-large:7.68%;--awb-width-medium:66.666666666667%;--awb-order-medium:0;--awb-spacing-right-medium:11.52%;--awb-spacing-left-medium:8.64%;--awb-width-small:100%;--awb-order-small:0;--awb-spacing-right-small:1.92%;--awb-margin-bottom-small:0px;--awb-spacing-left-small:1.92%;\"><div class=\"fusion-column-wrapper fusion-column-has-shadow fusion-flex-justify-content-center fusion-content-layout-column\"><div class=\"fusion-title title fusion-title-2 fusion-sep-none fusion-title-text fusion-title-size-four\" style=\"--awb-text-color:var(--awb-color7);--awb-margin-top:0px;--awb-margin-bottom:16px;\"><h4 class=\"fusion-title-heading title-heading-left fusion-responsive-typography-calculated\" style=\"margin:0;--fontSize:24;--minFontSize:24;line-height:1.42;\">See but don&#8217;t touch&#8230;<\/h4><\/div><div class=\"fusion-title title fusion-title-3 fusion-sep-none fusion-title-text fusion-title-size-three\" style=\"--awb-margin-top:0px;\"><h3 class=\"fusion-title-heading title-heading-left fusion-responsive-typography-calculated\" style=\"margin:0;--fontSize:36;line-height:1.3;\">Give your staff different permissions<\/h3><\/div><div class=\"fusion-text fusion-text-2\"><p>You can easily assign different permissions to your staff. Some may not be able to create new projects, while others may need access to edit employee times.<\/p>\n<\/div><\/div><\/div><\/div><\/div><div class=\"fusion-fullwidth fullwidth-box fusion-builder-row-3 fusion-flex-container nonhundred-percent-fullwidth non-hundred-percent-height-scrolling\" style=\"--awb-border-radius-top-left:0px;--awb-border-radius-top-right:0px;--awb-border-radius-bottom-right:0px;--awb-border-radius-bottom-left:0px;--awb-padding-top:120px;--awb-padding-bottom:48px;--awb-padding-top-medium:80px;--awb-padding-top-small:60px;--awb-padding-bottom-small:20px;--awb-flex-wrap:wrap;\" ><div class=\"fusion-builder-row fusion-row fusion-flex-align-items-stretch fusion-flex-content-wrap\" style=\"max-width:1310.4px;margin-left: calc(-4% \/ 2 );margin-right: calc(-4% \/ 2 );\"><div class=\"fusion-layout-column fusion_builder_column fusion-builder-column-3 fusion_builder_column_1_4 1_4 fusion-flex-column\" style=\"--awb-bg-position:center top;--awb-bg-size:cover;--awb-width-large:25%;--awb-margin-top-large:10px;--awb-spacing-right-large:7.68%;--awb-margin-bottom-large:10px;--awb-spacing-left-large:7.68%;--awb-width-medium:33.333333333333%;--awb-order-medium:0;--awb-spacing-right-medium:5.76%;--awb-spacing-left-medium:5.76%;--awb-width-small:100%;--awb-order-small:0;--awb-spacing-right-small:1.92%;--awb-spacing-left-small:1.92%;\"><div class=\"fusion-column-wrapper fusion-column-has-shadow fusion-flex-justify-content-flex-start fusion-content-layout-column\"><div class=\"fusion-image-element \" style=\"text-align:center;--awb-caption-title-font-family:var(--h2_typography-font-family);--awb-caption-title-font-weight:var(--h2_typography-font-weight);--awb-caption-title-font-style:var(--h2_typography-font-style);--awb-caption-title-size:var(--h2_typography-font-size);--awb-caption-title-transform:var(--h2_typography-text-transform);--awb-caption-title-line-height:var(--h2_typography-line-height);--awb-caption-title-letter-spacing:var(--h2_typography-letter-spacing);\"><span class=\" fusion-imageframe imageframe-none imageframe-2 hover-type-none\" style=\"border-radius:12px;\"><img decoding=\"async\" width=\"769\" height=\"173\" alt=\"Time accounting vision\" title=\"fortnox-tidrapportering\" src=\"https:\/\/oddoffice.com\/wp-content\/uploads\/2024\/02\/fortnox-tidrapportering.webp\" class=\"img-responsive wp-image-6125\" srcset=\"https:\/\/oddoffice.com\/wp-content\/uploads\/2024\/02\/fortnox-tidrapportering-200x45.webp 200w, https:\/\/oddoffice.com\/wp-content\/uploads\/2024\/02\/fortnox-tidrapportering-300x67.webp 300w, https:\/\/oddoffice.com\/wp-content\/uploads\/2024\/02\/fortnox-tidrapportering-400x90.webp 400w, https:\/\/oddoffice.com\/wp-content\/uploads\/2024\/02\/fortnox-tidrapportering-600x135.webp 600w, https:\/\/oddoffice.com\/wp-content\/uploads\/2024\/02\/fortnox-tidrapportering.webp 769w\" sizes=\"(max-width: 640px) 100vw, 400px\" \/><\/span><\/div><\/div><\/div><div class=\"fusion-layout-column fusion_builder_column fusion-builder-column-4 fusion_builder_column_3_4 3_4 fusion-flex-column\" style=\"--awb-bg-size:cover;--awb-width-large:75%;--awb-margin-top-large:20px;--awb-spacing-right-large:10.24%;--awb-margin-bottom-large:20px;--awb-spacing-left-large:7.68%;--awb-width-medium:66.666666666667%;--awb-order-medium:0;--awb-spacing-right-medium:11.52%;--awb-spacing-left-medium:8.64%;--awb-width-small:100%;--awb-order-small:0;--awb-spacing-right-small:1.92%;--awb-margin-bottom-small:0px;--awb-spacing-left-small:1.92%;\"><div class=\"fusion-column-wrapper fusion-column-has-shadow fusion-flex-justify-content-center fusion-content-layout-column\"><div class=\"fusion-title title fusion-title-4 fusion-sep-none fusion-title-text fusion-title-size-four\" style=\"--awb-text-color:var(--awb-color7);--awb-margin-top:0px;--awb-margin-bottom:16px;\"><h4 class=\"fusion-title-heading title-heading-left fusion-responsive-typography-calculated\" style=\"margin:0;--fontSize:24;--minFontSize:24;line-height:1.42;\">Link directly to Fortnox payroll<\/h4><\/div><div class=\"fusion-title title fusion-title-5 fusion-sep-none fusion-title-text fusion-title-size-three\" style=\"--awb-margin-top:0px;\"><h3 class=\"fusion-title-heading title-heading-left fusion-responsive-typography-calculated\" style=\"margin:0;--fontSize:36;line-height:1.3;\">Fortnox time reporting<\/h3><\/div><div class=\"fusion-text fusion-text-3\"><p>F\u00f6r att underl\u00e4tta arbetet med l\u00f6neutbetalningar kan oddoffice tidrapportering integreras mot Fortnox l\u00f6n. Arbetade timmar och fr\u00e5nvaro synkas mot kalendariet i Fortnox via v\u00e5r kostnadsfria integration.<\/p>\n<\/div><\/div><\/div><\/div><\/div><div class=\"fusion-fullwidth fullwidth-box fusion-builder-row-4 fusion-flex-container nonhundred-percent-fullwidth non-hundred-percent-height-scrolling\" style=\"--link_color: var(--awb-color1);--awb-border-radius-top-left:0px;--awb-border-radius-top-right:0px;--awb-border-radius-bottom-right:0px;--awb-border-radius-bottom-left:0px;--awb-padding-top:20px;--awb-padding-bottom:20px;--awb-padding-top-small:40px;--awb-padding-right-small:20px;--awb-padding-bottom-small:0px;--awb-padding-left-small:20px;--awb-flex-wrap:wrap;\" ><div class=\"fusion-builder-row fusion-row fusion-flex-align-items-center fusion-flex-justify-content-center fusion-flex-content-wrap\" style=\"max-width:1310.4px;margin-left: calc(-4% \/ 2 );margin-right: calc(-4% \/ 2 );\"><div class=\"fusion-layout-column fusion_builder_column fusion-builder-column-5 fusion_builder_column_1_1 1_1 fusion-flex-column\" style=\"--awb-padding-top:5%;--awb-padding-right:6%;--awb-padding-bottom:5%;--awb-padding-left:6%;--awb-overflow:hidden;--awb-bg-color:var(--awb-custom10);--awb-bg-color-hover:var(--awb-custom10);--awb-bg-size:cover;--awb-box-shadow:0px 24px 40px 0px hsla(var(--awb-custom1-h),var(--awb-custom1-s),var(--awb-custom1-l),calc( var(--awb-custom1-a) - 76% ));;--awb-border-radius:24px 24px 24px 24px;--awb-width-large:100%;--awb-margin-top-large:20px;--awb-spacing-right-large:0%;--awb-margin-bottom-large:20px;--awb-spacing-left-large:0%;--awb-width-medium:100%;--awb-order-medium:0;--awb-spacing-right-medium:0%;--awb-spacing-left-medium:0%;--awb-width-small:100%;--awb-order-small:0;--awb-spacing-right-small:1.92%;--awb-spacing-left-small:1.92%;\"><div class=\"fusion-column-wrapper fusion-column-has-shadow fusion-flex-justify-content-flex-start fusion-content-layout-column\"><div class=\"fusion-builder-row fusion-builder-row-inner fusion-row fusion-flex-align-items-center fusion-flex-justify-content-center fusion-flex-content-wrap\" style=\"width:104% !important;max-width:104% !important;margin-left: calc(-4% \/ 2 );margin-right: calc(-4% \/ 2 );\"><div class=\"fusion-layout-column fusion_builder_column_inner fusion-builder-nested-column-0 fusion_builder_column_inner_3_4 3_4 fusion-flex-column\" style=\"--awb-bg-size:cover;--awb-width-large:75%;--awb-margin-top-large:12px;--awb-spacing-right-large:2.56%;--awb-margin-bottom-large:20px;--awb-spacing-left-large:2.56%;--awb-width-medium:60%;--awb-order-medium:0;--awb-spacing-right-medium:3.2%;--awb-spacing-left-medium:3.2%;--awb-width-small:100%;--awb-order-small:0;--awb-spacing-right-small:1.92%;--awb-margin-bottom-small:0px;--awb-spacing-left-small:1.92%;\"><div class=\"fusion-column-wrapper fusion-column-has-shadow fusion-flex-justify-content-flex-start fusion-content-layout-column\"><div class=\"fusion-title title fusion-title-6 fusion-sep-none fusion-title-text fusion-title-size-one\" style=\"--awb-text-color:var(--awb-color1);\"><h1 class=\"fusion-title-heading title-heading-left sm-text-align-center fusion-responsive-typography-calculated\" style=\"margin:0;--fontSize:52;line-height:var(--awb-typography1-line-height);\">Create a 14-day trial account<\/h1><\/div><div class=\"fusion-text fusion-text-4 sm-text-align-center\" style=\"--awb-font-size:26px;--awb-line-height:36px;--awb-text-color:var(--awb-color1);\"><p>F\u00e5 full tillg\u00e5ng till systemet och alla dess funktioner i 14 dagar. L\u00e4gg till dina p\u00e5g\u00e5ende projekt, bjud in dina medarbetare och utv\u00e4rdera oddoffice!<\/p>\n<\/div><\/div><\/div><div class=\"fusion-layout-column fusion_builder_column_inner fusion-builder-nested-column-1 fusion_builder_column_inner_1_4 1_4 fusion-flex-column\" style=\"--awb-bg-size:cover;--awb-width-large:25%;--awb-margin-top-large:20px;--awb-spacing-right-large:7.68%;--awb-margin-bottom-large:20px;--awb-spacing-left-large:7.68%;--awb-width-medium:40%;--awb-order-medium:0;--awb-spacing-right-medium:4.8%;--awb-spacing-left-medium:4.8%;--awb-width-small:100%;--awb-order-small:0;--awb-spacing-right-small:1.92%;--awb-spacing-left-small:1.92%;\"><div class=\"fusion-column-wrapper fusion-column-has-shadow fusion-flex-justify-content-flex-start fusion-content-layout-column\"><div style=\"text-align:center;\"><a class=\"fusion-button button-flat fusion-button-default-size button-default fusion-button-default button-1 fusion-button-span-yes fusion-button-default-type\" target=\"_self\" href=\"https:\/\/oddoffice.com\/contact\/\"><span class=\"fusion-button-text\">Create a trial account<\/span><\/a><\/div><\/div><\/div><\/div><\/div><\/div><\/div><\/div><\/p>\n","protected":false},"excerpt":{"rendered":"","protected":false},"author":1,"featured_media":6120,"parent":0,"menu_order":0,"comment_status":"closed","ping_status":"closed","template":"100-width.php","meta":{"_monsterinsights_skip_tracking":false,"_monsterinsights_sitenote_active":false,"_monsterinsights_sitenote_note":"","_monsterinsights_sitenote_category":0,"footnotes":""},"class_list":["post-3714","page","type-page","status-publish","has-post-thumbnail","hentry"],"yoast_head":"<!-- This site is optimized with the Yoast SEO Premium plugin v22.2 (Yoast SEO v22.2) - https:\/\/yoast.com\/wordpress\/plugins\/seo\/ -->\n<title>Manage Attendance &amp; Absences with oddoffice: 14-Day Trial - oddoffice<\/title>\n<meta name=\"description\" content=\"Easily track and manage attendance and payrolls for smaller construction firms with oddoffice. One system to record times and schedule staff.\" \/>\n<meta name=\"robots\" content=\"index, follow, max-snippet:-1, max-image-preview:large, max-video-preview:-1\" \/>\n<link rel=\"canonical\" href=\"https:\/\/oddoffice.com\/en\/personnel-management\/\" \/>\n<meta property=\"og:locale\" content=\"en_US\" \/>\n<meta property=\"og:type\" content=\"article\" \/>\n<meta property=\"og:title\" content=\"Personnel management\" \/>\n<meta property=\"og:description\" content=\"Easily track and manage attendance and payrolls for smaller construction firms with oddoffice. One system to record times and schedule staff.\" \/>\n<meta property=\"og:url\" content=\"https:\/\/oddoffice.com\/en\/personnel-management\/\" \/>\n<meta property=\"og:site_name\" content=\"oddoffice\" \/>\n<meta property=\"article:modified_time\" content=\"2024-04-16T09:16:49+00:00\" \/>\n<meta property=\"og:image\" content=\"https:\/\/oddoffice.com\/wp-content\/uploads\/2024\/02\/personalhantering-i-app.webp\" \/>\n\t<meta property=\"og:image:width\" content=\"601\" \/>\n\t<meta property=\"og:image:height\" content=\"648\" \/>\n\t<meta property=\"og:image:type\" content=\"image\/webp\" \/>\n<meta name=\"twitter:card\" content=\"summary_large_image\" \/>\n<meta name=\"twitter:label1\" content=\"Est. reading time\" \/>\n\t<meta name=\"twitter:data1\" content=\"2 minutes\" \/>\n<script type=\"application\/ld+json\" class=\"yoast-schema-graph\">{\"@context\":\"https:\/\/schema.org\",\"@graph\":[{\"@type\":\"WebPage\",\"@id\":\"https:\/\/oddoffice.com\/en\/personnel-management\/\",\"url\":\"https:\/\/oddoffice.com\/en\/personnel-management\/\",\"name\":\"Manage Attendance & Absences with oddoffice: 14-Day Trial - oddoffice\",\"isPartOf\":{\"@id\":\"https:\/\/oddoffice.com\/en\/#website\"},\"primaryImageOfPage\":{\"@id\":\"https:\/\/oddoffice.com\/en\/personnel-management\/#primaryimage\"},\"image\":{\"@id\":\"https:\/\/oddoffice.com\/en\/personnel-management\/#primaryimage\"},\"thumbnailUrl\":\"https:\/\/oddoffice.com\/wp-content\/uploads\/2024\/02\/personalhantering-i-app.webp\",\"datePublished\":\"2023-11-28T15:02:43+00:00\",\"dateModified\":\"2024-04-16T09:16:49+00:00\",\"description\":\"Easily track and manage attendance and payrolls for smaller construction firms with oddoffice. One system to record times and schedule staff.\",\"breadcrumb\":{\"@id\":\"https:\/\/oddoffice.com\/en\/personnel-management\/#breadcrumb\"},\"inLanguage\":\"en-US\",\"potentialAction\":[{\"@type\":\"ReadAction\",\"target\":[\"https:\/\/oddoffice.com\/en\/personnel-management\/\"]}]},{\"@type\":\"ImageObject\",\"inLanguage\":\"en-US\",\"@id\":\"https:\/\/oddoffice.com\/en\/personnel-management\/#primaryimage\",\"url\":\"https:\/\/oddoffice.com\/wp-content\/uploads\/2024\/02\/personalhantering-i-app.webp\",\"contentUrl\":\"https:\/\/oddoffice.com\/wp-content\/uploads\/2024\/02\/personalhantering-i-app.webp\",\"width\":601,\"height\":648,\"caption\":\"Personalhantering direkt i appen\"},{\"@type\":\"BreadcrumbList\",\"@id\":\"https:\/\/oddoffice.com\/en\/personnel-management\/#breadcrumb\",\"itemListElement\":[{\"@type\":\"ListItem\",\"position\":1,\"name\":\"Home\",\"item\":\"https:\/\/oddoffice.com\/en\/\"},{\"@type\":\"ListItem\",\"position\":2,\"name\":\"Personnel management\"}]},{\"@type\":\"WebSite\",\"@id\":\"https:\/\/oddoffice.com\/en\/#website\",\"url\":\"https:\/\/oddoffice.com\/en\/\",\"name\":\"oddoffice\",\"description\":\"Time tracking in a simple app for craftsmen\",\"publisher\":{\"@id\":\"https:\/\/oddoffice.com\/en\/#organization\"},\"potentialAction\":[{\"@type\":\"SearchAction\",\"target\":{\"@type\":\"EntryPoint\",\"urlTemplate\":\"https:\/\/oddoffice.com\/en\/?s={search_term_string}\"},\"query-input\":\"required name=search_term_string\"}],\"inLanguage\":\"en-US\"},{\"@type\":\"Organization\",\"@id\":\"https:\/\/oddoffice.com\/en\/#organization\",\"name\":\"oddoffice\",\"url\":\"https:\/\/oddoffice.com\/en\/\",\"logo\":{\"@type\":\"ImageObject\",\"inLanguage\":\"en-US\",\"@id\":\"https:\/\/oddoffice.com\/en\/#\/schema\/logo\/image\/\",\"url\":\"https:\/\/oddoffice.com\/wp-content\/uploads\/2023\/12\/oddoffice-scaled.webp\",\"contentUrl\":\"https:\/\/oddoffice.com\/wp-content\/uploads\/2023\/12\/oddoffice-scaled.webp\",\"width\":2560,\"height\":609,\"caption\":\"oddoffice\"},\"image\":{\"@id\":\"https:\/\/oddoffice.com\/en\/#\/schema\/logo\/image\/\"}}]}<\/script>\n<!-- \/ Yoast SEO Premium plugin. -->","yoast_head_json":{"title":"Manage Attendance & Absences with oddoffice: 14-Day Trial - oddoffice","description":"Easily track and manage attendance and payrolls for smaller construction firms with oddoffice. One system to record times and schedule staff.","robots":{"index":"index","follow":"follow","max-snippet":"max-snippet:-1","max-image-preview":"max-image-preview:large","max-video-preview":"max-video-preview:-1"},"canonical":"https:\/\/oddoffice.com\/en\/personnel-management\/","og_locale":"en_US","og_type":"article","og_title":"Personnel management","og_description":"Easily track and manage attendance and payrolls for smaller construction firms with oddoffice. One system to record times and schedule staff.","og_url":"https:\/\/oddoffice.com\/en\/personnel-management\/","og_site_name":"oddoffice","article_modified_time":"2024-04-16T09:16:49+00:00","og_image":[{"width":601,"height":648,"url":"https:\/\/oddoffice.com\/wp-content\/uploads\/2024\/02\/personalhantering-i-app.webp","type":"image\/webp"}],"twitter_card":"summary_large_image","twitter_misc":{"Est. reading time":"2 minutes"},"schema":{"@context":"https:\/\/schema.org","@graph":[{"@type":"WebPage","@id":"https:\/\/oddoffice.com\/en\/personnel-management\/","url":"https:\/\/oddoffice.com\/en\/personnel-management\/","name":"Manage Attendance & Absences with oddoffice: 14-Day Trial - oddoffice","isPartOf":{"@id":"https:\/\/oddoffice.com\/en\/#website"},"primaryImageOfPage":{"@id":"https:\/\/oddoffice.com\/en\/personnel-management\/#primaryimage"},"image":{"@id":"https:\/\/oddoffice.com\/en\/personnel-management\/#primaryimage"},"thumbnailUrl":"https:\/\/oddoffice.com\/wp-content\/uploads\/2024\/02\/personalhantering-i-app.webp","datePublished":"2023-11-28T15:02:43+00:00","dateModified":"2024-04-16T09:16:49+00:00","description":"Easily track and manage attendance and payrolls for smaller construction firms with oddoffice. One system to record times and schedule staff.","breadcrumb":{"@id":"https:\/\/oddoffice.com\/en\/personnel-management\/#breadcrumb"},"inLanguage":"en-US","potentialAction":[{"@type":"ReadAction","target":["https:\/\/oddoffice.com\/en\/personnel-management\/"]}]},{"@type":"ImageObject","inLanguage":"en-US","@id":"https:\/\/oddoffice.com\/en\/personnel-management\/#primaryimage","url":"https:\/\/oddoffice.com\/wp-content\/uploads\/2024\/02\/personalhantering-i-app.webp","contentUrl":"https:\/\/oddoffice.com\/wp-content\/uploads\/2024\/02\/personalhantering-i-app.webp","width":601,"height":648,"caption":"Personalhantering direkt i appen"},{"@type":"BreadcrumbList","@id":"https:\/\/oddoffice.com\/en\/personnel-management\/#breadcrumb","itemListElement":[{"@type":"ListItem","position":1,"name":"Home","item":"https:\/\/oddoffice.com\/en\/"},{"@type":"ListItem","position":2,"name":"Personnel management"}]},{"@type":"WebSite","@id":"https:\/\/oddoffice.com\/en\/#website","url":"https:\/\/oddoffice.com\/en\/","name":"oddoffice","description":"Time tracking in a simple app for craftsmen","publisher":{"@id":"https:\/\/oddoffice.com\/en\/#organization"},"potentialAction":[{"@type":"SearchAction","target":{"@type":"EntryPoint","urlTemplate":"https:\/\/oddoffice.com\/en\/?s={search_term_string}"},"query-input":"required name=search_term_string"}],"inLanguage":"en-US"},{"@type":"Organization","@id":"https:\/\/oddoffice.com\/en\/#organization","name":"oddoffice","url":"https:\/\/oddoffice.com\/en\/","logo":{"@type":"ImageObject","inLanguage":"en-US","@id":"https:\/\/oddoffice.com\/en\/#\/schema\/logo\/image\/","url":"https:\/\/oddoffice.com\/wp-content\/uploads\/2023\/12\/oddoffice-scaled.webp","contentUrl":"https:\/\/oddoffice.com\/wp-content\/uploads\/2023\/12\/oddoffice-scaled.webp","width":2560,"height":609,"caption":"oddoffice"},"image":{"@id":"https:\/\/oddoffice.com\/en\/#\/schema\/logo\/image\/"}}]}},"_links":{"self":[{"href":"https:\/\/oddoffice.com\/en\/wp-json\/wp\/v2\/pages\/3714","targetHints":{"allow":["GET"]}}],"collection":[{"href":"https:\/\/oddoffice.com\/en\/wp-json\/wp\/v2\/pages"}],"about":[{"href":"https:\/\/oddoffice.com\/en\/wp-json\/wp\/v2\/types\/page"}],"author":[{"embeddable":true,"href":"https:\/\/oddoffice.com\/en\/wp-json\/wp\/v2\/users\/1"}],"replies":[{"embeddable":true,"href":"https:\/\/oddoffice.com\/en\/wp-json\/wp\/v2\/comments?post=3714"}],"version-history":[{"count":7,"href":"https:\/\/oddoffice.com\/en\/wp-json\/wp\/v2\/pages\/3714\/revisions"}],"predecessor-version":[{"id":6297,"href":"https:\/\/oddoffice.com\/en\/wp-json\/wp\/v2\/pages\/3714\/revisions\/6297"}],"wp:featuredmedia":[{"embeddable":true,"href":"https:\/\/oddoffice.com\/en\/wp-json\/wp\/v2\/media\/6120"}],"wp:attachment":[{"href":"https:\/\/oddoffice.com\/en\/wp-json\/wp\/v2\/media?parent=3714"}],"curies":[{"name":"wp","href":"https:\/\/api.w.org\/{rel}","templated":true}]}}