{"id":3632,"date":"2023-11-24T17:11:44","date_gmt":"2023-11-24T17:11:44","guid":{"rendered":"https:\/\/oddoffice.com\/?page_id=3632"},"modified":"2024-03-10T08:46:10","modified_gmt":"2024-03-10T08:46:10","slug":"projektverktyg","status":"publish","type":"page","link":"https:\/\/oddoffice.com\/sv\/projektverktyg\/","title":{"rendered":"Projektverktyg"},"content":{"rendered":"<p><div class=\"fusion-fullwidth fullwidth-box fusion-builder-row-1 fusion-flex-container nonhundred-percent-fullwidth non-hundred-percent-height-scrolling\" style=\"--awb-border-radius-top-left:0px;--awb-border-radius-top-right:0px;--awb-border-radius-bottom-right:0px;--awb-border-radius-bottom-left:0px;--awb-padding-top:80px;--awb-padding-bottom:80px;--awb-padding-top-medium:48px;--awb-padding-bottom-medium:48px;--awb-padding-top-small:20px;--awb-padding-bottom-small:40px;--awb-background-color:var(--awb-color2);--awb-flex-wrap:wrap;\" ><div class=\"fusion-builder-row fusion-row fusion-flex-align-items-flex-start fusion-flex-justify-content-center fusion-flex-content-wrap\" style=\"max-width:1310.4px;margin-left: calc(-4% \/ 2 );margin-right: calc(-4% \/ 2 );\"><div class=\"fusion-layout-column fusion_builder_column fusion-builder-column-0 fusion_builder_column_1_1 1_1 fusion-flex-column\" style=\"--awb-bg-size:cover;--awb-width-large:100%;--awb-margin-top-large:-5%;--awb-spacing-right-large:1.92%;--awb-margin-bottom-large:5%;--awb-spacing-left-large:1.92%;--awb-width-medium:75%;--awb-order-medium:0;--awb-spacing-right-medium:2.56%;--awb-margin-bottom-medium:30px;--awb-spacing-left-medium:2.56%;--awb-width-small:100%;--awb-order-small:0;--awb-spacing-right-small:1.92%;--awb-spacing-left-small:1.92%;\"><div class=\"fusion-column-wrapper fusion-column-has-shadow fusion-flex-justify-content-flex-start fusion-content-layout-column\"><div class=\"fusion-title title fusion-title-1 fusion-sep-none fusion-title-center fusion-title-text fusion-title-size-two\"><h2 class=\"fusion-title-heading title-heading-center fusion-responsive-typography-calculated\" style=\"margin:0;--fontSize:48;line-height:1.2;\">Projektverktyg f\u00f6r bygg och hantverkare<span style=\"color: var(--awb-color7);\">.<\/span><\/h2><\/div><div class=\"fusion-text fusion-text-1\"><p>Att ha bra koll p\u00e5 sitt f\u00f6retags projekt \u00e4r A och O. Korrekt ifylld och v\u00e4l uppdaterad information betalar sig alltid i l\u00e4ngden. Med oddoffice fyller du enkelt i anv\u00e4ndbar information p\u00e5 dina projekt s\u00e5 som best\u00e4llare, levereransadress, arbetsledare osv.<\/p>\n<p>En annan mycket anv\u00e4ndbar finess \u00e4r att du kan granska projekt bak\u00e5t i tiden. L\u00e5t s\u00e4ga att du f\u00e5r en f\u00f6rfr\u00e5gan p\u00e5 att bygga en friggebod med sedumtak. Med hj\u00e4lp av oddoffice kan du granska ett liknande projekt som du gjorde f\u00f6r flera \u00e5r sedan f\u00f6r att f\u00e5 en uppskattning av ungef\u00e4r hur mycket extra tid det d\u00e4r gr\u00e4staket tog att l\u00e4gga.<\/p>\n<\/div><\/div><\/div><\/div><\/div><div class=\"fusion-fullwidth fullwidth-box fusion-builder-row-2 fusion-flex-container nonhundred-percent-fullwidth non-hundred-percent-height-scrolling\" style=\"--awb-border-radius-top-left:0px;--awb-border-radius-top-right:0px;--awb-border-radius-bottom-right:0px;--awb-border-radius-bottom-left:0px;--awb-padding-top:120px;--awb-padding-bottom:48px;--awb-padding-top-medium:80px;--awb-padding-top-small:60px;--awb-padding-bottom-small:20px;--awb-flex-wrap:wrap;\" ><div class=\"fusion-builder-row fusion-row fusion-flex-align-items-stretch fusion-flex-content-wrap\" style=\"max-width:1310.4px;margin-left: calc(-4% \/ 2 );margin-right: calc(-4% \/ 2 );\"><div class=\"fusion-layout-column fusion_builder_column fusion-builder-column-1 fusion_builder_column_1_4 1_4 fusion-flex-column\" style=\"--awb-bg-position:center top;--awb-bg-size:cover;--awb-width-large:25%;--awb-margin-top-large:10px;--awb-spacing-right-large:7.68%;--awb-margin-bottom-large:10px;--awb-spacing-left-large:7.68%;--awb-width-medium:33.333333333333%;--awb-order-medium:0;--awb-spacing-right-medium:5.76%;--awb-spacing-left-medium:5.76%;--awb-width-small:100%;--awb-order-small:0;--awb-spacing-right-small:1.92%;--awb-spacing-left-small:1.92%;\"><div class=\"fusion-column-wrapper fusion-column-has-shadow fusion-flex-justify-content-flex-start fusion-content-layout-column\"><div class=\"fusion-image-element \" style=\"text-align:center;--awb-caption-title-font-family:var(--h2_typography-font-family);--awb-caption-title-font-weight:var(--h2_typography-font-weight);--awb-caption-title-font-style:var(--h2_typography-font-style);--awb-caption-title-size:var(--h2_typography-font-size);--awb-caption-title-transform:var(--h2_typography-text-transform);--awb-caption-title-line-height:var(--h2_typography-line-height);--awb-caption-title-letter-spacing:var(--h2_typography-letter-spacing);\"><span class=\" fusion-imageframe imageframe-none imageframe-1 hover-type-none\" style=\"border-radius:12px;\"><img decoding=\"async\" width=\"300\" height=\"293\" alt=\"Tidsredovisning vision\" title=\"projekthantering-hantverkare\" src=\"https:\/\/oddoffice.com\/wp-content\/uploads\/2024\/02\/projekthantering-hantverkare.webp\" class=\"img-responsive wp-image-6111\" srcset=\"https:\/\/oddoffice.com\/wp-content\/uploads\/2024\/02\/projekthantering-hantverkare-200x195.webp 200w, https:\/\/oddoffice.com\/wp-content\/uploads\/2024\/02\/projekthantering-hantverkare.webp 300w\" sizes=\"(max-width: 640px) 100vw, 300px\" \/><\/span><\/div><\/div><\/div><div class=\"fusion-layout-column fusion_builder_column fusion-builder-column-2 fusion_builder_column_3_4 3_4 fusion-flex-column\" style=\"--awb-bg-size:cover;--awb-width-large:75%;--awb-margin-top-large:20px;--awb-spacing-right-large:10.24%;--awb-margin-bottom-large:20px;--awb-spacing-left-large:7.68%;--awb-width-medium:66.666666666667%;--awb-order-medium:0;--awb-spacing-right-medium:11.52%;--awb-spacing-left-medium:8.64%;--awb-width-small:100%;--awb-order-small:0;--awb-spacing-right-small:1.92%;--awb-margin-bottom-small:0px;--awb-spacing-left-small:1.92%;\"><div class=\"fusion-column-wrapper fusion-column-has-shadow fusion-flex-justify-content-center fusion-content-layout-column\"><div class=\"fusion-title title fusion-title-2 fusion-sep-none fusion-title-text fusion-title-size-four\" style=\"--awb-text-color:var(--awb-color7);--awb-margin-top:0px;--awb-margin-bottom:16px;\"><h4 class=\"fusion-title-heading title-heading-left fusion-responsive-typography-calculated\" style=\"margin:0;--fontSize:24;--minFontSize:24;line-height:1.42;\">Bli l\u00f6nsam<\/h4><\/div><div class=\"fusion-title title fusion-title-3 fusion-sep-none fusion-title-text fusion-title-size-three\" style=\"--awb-margin-top:0px;\"><h3 class=\"fusion-title-heading title-heading-left fusion-responsive-typography-calculated\" style=\"margin:0;--fontSize:36;line-height:1.3;\">Projektuppf\u00f6ljning bygg<span style=\"color: var(--awb-color7);\">.<\/span><\/h3><\/div><div class=\"fusion-text fusion-text-2\"><p>Har du bra koll p\u00e5 hur dina projekt har g\u00e5tt och hur mycket pengar som \u00e4r kvar p\u00e5 sista raden n\u00e4r projektet \u00e4r slutf\u00f6rt?<\/p>\n<p>Med oddoffice sammanst\u00e4ller du enkelt arbetade timmar, utgifter och material f\u00f6r dina projekt och det blir l\u00e4tt att j\u00e4mf\u00f6ra mot budgeterat och offererat.<\/p>\n<\/div><\/div><\/div><\/div><\/div><div class=\"fusion-fullwidth fullwidth-box fusion-builder-row-3 fusion-flex-container nonhundred-percent-fullwidth non-hundred-percent-height-scrolling\" style=\"--link_color: var(--awb-color1);--awb-border-radius-top-left:0px;--awb-border-radius-top-right:0px;--awb-border-radius-bottom-right:0px;--awb-border-radius-bottom-left:0px;--awb-padding-top:20px;--awb-padding-bottom:20px;--awb-padding-top-small:40px;--awb-padding-right-small:20px;--awb-padding-bottom-small:0px;--awb-padding-left-small:20px;--awb-flex-wrap:wrap;\" ><div class=\"fusion-builder-row fusion-row fusion-flex-align-items-center fusion-flex-justify-content-center fusion-flex-content-wrap\" style=\"max-width:1310.4px;margin-left: calc(-4% \/ 2 );margin-right: calc(-4% \/ 2 );\"><div class=\"fusion-layout-column fusion_builder_column fusion-builder-column-3 fusion_builder_column_1_1 1_1 fusion-flex-column\" style=\"--awb-padding-top:5%;--awb-padding-right:6%;--awb-padding-bottom:5%;--awb-padding-left:6%;--awb-overflow:hidden;--awb-bg-color:var(--awb-custom10);--awb-bg-color-hover:var(--awb-custom10);--awb-bg-size:cover;--awb-box-shadow:0px 24px 40px 0px hsla(var(--awb-custom1-h),var(--awb-custom1-s),var(--awb-custom1-l),calc( var(--awb-custom1-a) - 76% ));;--awb-border-radius:24px 24px 24px 24px;--awb-width-large:100%;--awb-margin-top-large:20px;--awb-spacing-right-large:0%;--awb-margin-bottom-large:20px;--awb-spacing-left-large:0%;--awb-width-medium:100%;--awb-order-medium:0;--awb-spacing-right-medium:0%;--awb-spacing-left-medium:0%;--awb-width-small:100%;--awb-order-small:0;--awb-spacing-right-small:1.92%;--awb-spacing-left-small:1.92%;\"><div class=\"fusion-column-wrapper fusion-column-has-shadow fusion-flex-justify-content-flex-start fusion-content-layout-column\"><div class=\"fusion-builder-row fusion-builder-row-inner fusion-row fusion-flex-align-items-center fusion-flex-justify-content-center fusion-flex-content-wrap\" style=\"width:104% !important;max-width:104% !important;margin-left: calc(-4% \/ 2 );margin-right: calc(-4% \/ 2 );\"><div class=\"fusion-layout-column fusion_builder_column_inner fusion-builder-nested-column-0 fusion_builder_column_inner_3_4 3_4 fusion-flex-column\" style=\"--awb-bg-size:cover;--awb-width-large:75%;--awb-margin-top-large:12px;--awb-spacing-right-large:2.56%;--awb-margin-bottom-large:20px;--awb-spacing-left-large:2.56%;--awb-width-medium:60%;--awb-order-medium:0;--awb-spacing-right-medium:3.2%;--awb-spacing-left-medium:3.2%;--awb-width-small:100%;--awb-order-small:0;--awb-spacing-right-small:1.92%;--awb-margin-bottom-small:0px;--awb-spacing-left-small:1.92%;\"><div class=\"fusion-column-wrapper fusion-column-has-shadow fusion-flex-justify-content-flex-start fusion-content-layout-column\"><div class=\"fusion-title title fusion-title-4 fusion-sep-none fusion-title-text fusion-title-size-one\" style=\"--awb-text-color:var(--awb-color1);\"><h1 class=\"fusion-title-heading title-heading-left sm-text-align-center fusion-responsive-typography-calculated\" style=\"margin:0;--fontSize:52;line-height:var(--awb-typography1-line-height);\">Skapa ett 14-dagars provkonto<\/h1><\/div><div class=\"fusion-text fusion-text-3 sm-text-align-center\" style=\"--awb-font-size:26px;--awb-line-height:36px;--awb-text-color:var(--awb-color1);\"><p>F\u00e5 full tillg\u00e5ng till systemet och alla dess funktioner i 14 dagar. L\u00e4gg till dina p\u00e5g\u00e5ende projekt, bjud in dina medarbetare och prova oddoffice!<\/p>\n<\/div><\/div><\/div><div class=\"fusion-layout-column fusion_builder_column_inner fusion-builder-nested-column-1 fusion_builder_column_inner_1_4 1_4 fusion-flex-column\" style=\"--awb-bg-size:cover;--awb-width-large:25%;--awb-margin-top-large:20px;--awb-spacing-right-large:7.68%;--awb-margin-bottom-large:20px;--awb-spacing-left-large:7.68%;--awb-width-medium:40%;--awb-order-medium:0;--awb-spacing-right-medium:4.8%;--awb-spacing-left-medium:4.8%;--awb-width-small:100%;--awb-order-small:0;--awb-spacing-right-small:1.92%;--awb-spacing-left-small:1.92%;\"><div class=\"fusion-column-wrapper fusion-column-has-shadow fusion-flex-justify-content-flex-start fusion-content-layout-column\"><div style=\"text-align:center;\"><a class=\"fusion-button button-flat fusion-button-default-size button-default fusion-button-default button-1 fusion-button-span-yes fusion-button-default-type\" target=\"_self\" href=\"https:\/\/oddoffice.com\/contact\/\"><span class=\"fusion-button-text\">Skapa provkonto<\/span><\/a><\/div><\/div><\/div><\/div><\/div><\/div><\/div><\/div><\/p>\n","protected":false},"excerpt":{"rendered":"","protected":false},"author":1,"featured_media":6109,"parent":0,"menu_order":0,"comment_status":"closed","ping_status":"closed","template":"100-width.php","meta":{"_monsterinsights_skip_tracking":false,"_monsterinsights_sitenote_active":false,"_monsterinsights_sitenote_note":"","_monsterinsights_sitenote_category":0,"footnotes":""},"class_list":["post-3632","page","type-page","status-publish","has-post-thumbnail","hentry"],"yoast_head":"<!-- This site is optimized with the Yoast SEO Premium plugin v22.2 (Yoast SEO v22.2) - https:\/\/yoast.com\/wordpress\/plugins\/seo\/ -->\n<title>Projektuppf\u00f6ljning f\u00f6r byggare: Varf\u00f6r det betalar sig - oddoffice<\/title>\n<meta name=\"description\" content=\"Eliminera fr\u00e5getecken med projektuppf\u00f6ljning f\u00f6r byggare. Med oddoffice f\u00e5r du korrekt information. Optimal projektuppf\u00f6ljning!\" \/>\n<meta name=\"robots\" content=\"index, follow, max-snippet:-1, max-image-preview:large, max-video-preview:-1\" \/>\n<link rel=\"canonical\" href=\"https:\/\/oddoffice.com\/sv\/projektverktyg\/\" \/>\n<meta property=\"og:locale\" content=\"sv_SE\" \/>\n<meta property=\"og:type\" content=\"article\" \/>\n<meta property=\"og:title\" content=\"Projektverktyg\" \/>\n<meta property=\"og:description\" content=\"Eliminera fr\u00e5getecken med projektuppf\u00f6ljning f\u00f6r byggare. Med oddoffice f\u00e5r du korrekt information. Optimal projektuppf\u00f6ljning!\" \/>\n<meta property=\"og:url\" content=\"https:\/\/oddoffice.com\/sv\/projektverktyg\/\" \/>\n<meta property=\"og:site_name\" content=\"oddoffice\" \/>\n<meta property=\"article:modified_time\" content=\"2024-03-10T08:46:10+00:00\" \/>\n<meta property=\"og:image\" content=\"https:\/\/oddoffice.com\/wp-content\/uploads\/2024\/02\/projektuppfoljning-bygg.webp\" \/>\n\t<meta property=\"og:image:width\" content=\"512\" \/>\n\t<meta property=\"og:image:height\" content=\"512\" \/>\n\t<meta property=\"og:image:type\" content=\"image\/webp\" \/>\n<meta name=\"twitter:card\" content=\"summary_large_image\" \/>\n<meta name=\"twitter:label1\" content=\"Est. reading time\" \/>\n\t<meta name=\"twitter:data1\" content=\"2 minutes\" \/>\n<script type=\"application\/ld+json\" class=\"yoast-schema-graph\">{\"@context\":\"https:\/\/schema.org\",\"@graph\":[{\"@type\":\"WebPage\",\"@id\":\"https:\/\/oddoffice.com\/sv\/projektverktyg\/\",\"url\":\"https:\/\/oddoffice.com\/sv\/projektverktyg\/\",\"name\":\"Projektuppf\u00f6ljning f\u00f6r byggare: Varf\u00f6r det betalar sig - oddoffice\",\"isPartOf\":{\"@id\":\"https:\/\/oddoffice.com\/sv\/#website\"},\"primaryImageOfPage\":{\"@id\":\"https:\/\/oddoffice.com\/sv\/projektverktyg\/#primaryimage\"},\"image\":{\"@id\":\"https:\/\/oddoffice.com\/sv\/projektverktyg\/#primaryimage\"},\"thumbnailUrl\":\"https:\/\/oddoffice.com\/wp-content\/uploads\/2024\/02\/projektuppfoljning-bygg.webp\",\"datePublished\":\"2023-11-24T17:11:44+00:00\",\"dateModified\":\"2024-03-10T08:46:10+00:00\",\"description\":\"Eliminera fr\u00e5getecken med projektuppf\u00f6ljning f\u00f6r byggare. Med oddoffice f\u00e5r du korrekt information. Optimal projektuppf\u00f6ljning!\",\"breadcrumb\":{\"@id\":\"https:\/\/oddoffice.com\/sv\/projektverktyg\/#breadcrumb\"},\"inLanguage\":\"sv-SE\",\"potentialAction\":[{\"@type\":\"ReadAction\",\"target\":[\"https:\/\/oddoffice.com\/sv\/projektverktyg\/\"]}]},{\"@type\":\"ImageObject\",\"inLanguage\":\"sv-SE\",\"@id\":\"https:\/\/oddoffice.com\/sv\/projektverktyg\/#primaryimage\",\"url\":\"https:\/\/oddoffice.com\/wp-content\/uploads\/2024\/02\/projektuppfoljning-bygg.webp\",\"contentUrl\":\"https:\/\/oddoffice.com\/wp-content\/uploads\/2024\/02\/projektuppfoljning-bygg.webp\",\"width\":512,\"height\":512,\"caption\":\"Projektuppf\u00f6ljning bygg\"},{\"@type\":\"BreadcrumbList\",\"@id\":\"https:\/\/oddoffice.com\/sv\/projektverktyg\/#breadcrumb\",\"itemListElement\":[{\"@type\":\"ListItem\",\"position\":1,\"name\":\"Home\",\"item\":\"https:\/\/oddoffice.com\/sv\/tidrapportering-bygg\/\"},{\"@type\":\"ListItem\",\"position\":2,\"name\":\"Projektverktyg\"}]},{\"@type\":\"WebSite\",\"@id\":\"https:\/\/oddoffice.com\/sv\/#website\",\"url\":\"https:\/\/oddoffice.com\/sv\/\",\"name\":\"oddoffice\",\"description\":\"Tidrapportering i enkel APP f\u00f6r hantverkare och bygg\",\"publisher\":{\"@id\":\"https:\/\/oddoffice.com\/sv\/#organization\"},\"potentialAction\":[{\"@type\":\"SearchAction\",\"target\":{\"@type\":\"EntryPoint\",\"urlTemplate\":\"https:\/\/oddoffice.com\/sv\/?s={search_term_string}\"},\"query-input\":\"required name=search_term_string\"}],\"inLanguage\":\"sv-SE\"},{\"@type\":\"Organization\",\"@id\":\"https:\/\/oddoffice.com\/sv\/#organization\",\"name\":\"oddoffice\",\"url\":\"https:\/\/oddoffice.com\/sv\/\",\"logo\":{\"@type\":\"ImageObject\",\"inLanguage\":\"sv-SE\",\"@id\":\"https:\/\/oddoffice.com\/sv\/#\/schema\/logo\/image\/\",\"url\":\"https:\/\/oddoffice.com\/wp-content\/uploads\/2023\/12\/oddoffice-scaled.webp\",\"contentUrl\":\"https:\/\/oddoffice.com\/wp-content\/uploads\/2023\/12\/oddoffice-scaled.webp\",\"width\":2560,\"height\":609,\"caption\":\"oddoffice\"},\"image\":{\"@id\":\"https:\/\/oddoffice.com\/sv\/#\/schema\/logo\/image\/\"}}]}<\/script>\n<!-- \/ Yoast SEO Premium plugin. -->","yoast_head_json":{"title":"Projektuppf\u00f6ljning f\u00f6r byggare: Varf\u00f6r det betalar sig - oddoffice","description":"Eliminera fr\u00e5getecken med projektuppf\u00f6ljning f\u00f6r byggare. Med oddoffice f\u00e5r du korrekt information. Optimal projektuppf\u00f6ljning!","robots":{"index":"index","follow":"follow","max-snippet":"max-snippet:-1","max-image-preview":"max-image-preview:large","max-video-preview":"max-video-preview:-1"},"canonical":"https:\/\/oddoffice.com\/sv\/projektverktyg\/","og_locale":"sv_SE","og_type":"article","og_title":"Projektverktyg","og_description":"Eliminera fr\u00e5getecken med projektuppf\u00f6ljning f\u00f6r byggare. Med oddoffice f\u00e5r du korrekt information. Optimal projektuppf\u00f6ljning!","og_url":"https:\/\/oddoffice.com\/sv\/projektverktyg\/","og_site_name":"oddoffice","article_modified_time":"2024-03-10T08:46:10+00:00","og_image":[{"width":512,"height":512,"url":"https:\/\/oddoffice.com\/wp-content\/uploads\/2024\/02\/projektuppfoljning-bygg.webp","type":"image\/webp"}],"twitter_card":"summary_large_image","twitter_misc":{"Est. reading time":"2 minutes"},"schema":{"@context":"https:\/\/schema.org","@graph":[{"@type":"WebPage","@id":"https:\/\/oddoffice.com\/sv\/projektverktyg\/","url":"https:\/\/oddoffice.com\/sv\/projektverktyg\/","name":"Projektuppf\u00f6ljning f\u00f6r byggare: Varf\u00f6r det betalar sig - oddoffice","isPartOf":{"@id":"https:\/\/oddoffice.com\/sv\/#website"},"primaryImageOfPage":{"@id":"https:\/\/oddoffice.com\/sv\/projektverktyg\/#primaryimage"},"image":{"@id":"https:\/\/oddoffice.com\/sv\/projektverktyg\/#primaryimage"},"thumbnailUrl":"https:\/\/oddoffice.com\/wp-content\/uploads\/2024\/02\/projektuppfoljning-bygg.webp","datePublished":"2023-11-24T17:11:44+00:00","dateModified":"2024-03-10T08:46:10+00:00","description":"Eliminera fr\u00e5getecken med projektuppf\u00f6ljning f\u00f6r byggare. Med oddoffice f\u00e5r du korrekt information. Optimal projektuppf\u00f6ljning!","breadcrumb":{"@id":"https:\/\/oddoffice.com\/sv\/projektverktyg\/#breadcrumb"},"inLanguage":"sv-SE","potentialAction":[{"@type":"ReadAction","target":["https:\/\/oddoffice.com\/sv\/projektverktyg\/"]}]},{"@type":"ImageObject","inLanguage":"sv-SE","@id":"https:\/\/oddoffice.com\/sv\/projektverktyg\/#primaryimage","url":"https:\/\/oddoffice.com\/wp-content\/uploads\/2024\/02\/projektuppfoljning-bygg.webp","contentUrl":"https:\/\/oddoffice.com\/wp-content\/uploads\/2024\/02\/projektuppfoljning-bygg.webp","width":512,"height":512,"caption":"Projektuppf\u00f6ljning bygg"},{"@type":"BreadcrumbList","@id":"https:\/\/oddoffice.com\/sv\/projektverktyg\/#breadcrumb","itemListElement":[{"@type":"ListItem","position":1,"name":"Home","item":"https:\/\/oddoffice.com\/sv\/tidrapportering-bygg\/"},{"@type":"ListItem","position":2,"name":"Projektverktyg"}]},{"@type":"WebSite","@id":"https:\/\/oddoffice.com\/sv\/#website","url":"https:\/\/oddoffice.com\/sv\/","name":"oddoffice","description":"Tidrapportering i enkel APP f\u00f6r hantverkare och bygg","publisher":{"@id":"https:\/\/oddoffice.com\/sv\/#organization"},"potentialAction":[{"@type":"SearchAction","target":{"@type":"EntryPoint","urlTemplate":"https:\/\/oddoffice.com\/sv\/?s={search_term_string}"},"query-input":"required name=search_term_string"}],"inLanguage":"sv-SE"},{"@type":"Organization","@id":"https:\/\/oddoffice.com\/sv\/#organization","name":"oddoffice","url":"https:\/\/oddoffice.com\/sv\/","logo":{"@type":"ImageObject","inLanguage":"sv-SE","@id":"https:\/\/oddoffice.com\/sv\/#\/schema\/logo\/image\/","url":"https:\/\/oddoffice.com\/wp-content\/uploads\/2023\/12\/oddoffice-scaled.webp","contentUrl":"https:\/\/oddoffice.com\/wp-content\/uploads\/2023\/12\/oddoffice-scaled.webp","width":2560,"height":609,"caption":"oddoffice"},"image":{"@id":"https:\/\/oddoffice.com\/sv\/#\/schema\/logo\/image\/"}}]}},"_links":{"self":[{"href":"https:\/\/oddoffice.com\/sv\/wp-json\/wp\/v2\/pages\/3632","targetHints":{"allow":["GET"]}}],"collection":[{"href":"https:\/\/oddoffice.com\/sv\/wp-json\/wp\/v2\/pages"}],"about":[{"href":"https:\/\/oddoffice.com\/sv\/wp-json\/wp\/v2\/types\/page"}],"author":[{"embeddable":true,"href":"https:\/\/oddoffice.com\/sv\/wp-json\/wp\/v2\/users\/1"}],"replies":[{"embeddable":true,"href":"https:\/\/oddoffice.com\/sv\/wp-json\/wp\/v2\/comments?post=3632"}],"version-history":[{"count":6,"href":"https:\/\/oddoffice.com\/sv\/wp-json\/wp\/v2\/pages\/3632\/revisions"}],"predecessor-version":[{"id":6291,"href":"https:\/\/oddoffice.com\/sv\/wp-json\/wp\/v2\/pages\/3632\/revisions\/6291"}],"wp:featuredmedia":[{"embeddable":true,"href":"https:\/\/oddoffice.com\/sv\/wp-json\/wp\/v2\/media\/6109"}],"wp:attachment":[{"href":"https:\/\/oddoffice.com\/sv\/wp-json\/wp\/v2\/media?parent=3632"}],"curies":[{"name":"wp","href":"https:\/\/api.w.org\/{rel}","templated":true}]}}