{"id":5357,"date":"2023-11-22T22:28:38","date_gmt":"2023-11-22T22:28:38","guid":{"rendered":"https:\/\/oddoffice.com\/?page_id=5357"},"modified":"2024-02-03T10:50:41","modified_gmt":"2024-02-03T10:50:41","slug":"villkor","status":"publish","type":"page","link":"https:\/\/oddoffice.com\/sv\/villkor\/","title":{"rendered":"Villkor"},"content":{"rendered":"<div class=\"fusion-fullwidth fullwidth-box fusion-builder-row-1 fusion-flex-container nonhundred-percent-fullwidth non-hundred-percent-height-scrolling\" style=\"--awb-border-radius-top-left:0px;--awb-border-radius-top-right:0px;--awb-border-radius-bottom-right:0px;--awb-border-radius-bottom-left:0px;--awb-flex-wrap:wrap;\" ><div class=\"fusion-builder-row fusion-row fusion-flex-align-items-flex-start fusion-flex-content-wrap\" style=\"max-width:1310.4px;margin-left: calc(-4% \/ 2 );margin-right: calc(-4% \/ 2 );\"><div class=\"fusion-layout-column fusion_builder_column fusion-builder-column-0 fusion_builder_column_1_1 1_1 fusion-flex-column\" style=\"--awb-bg-size:cover;--awb-width-large:100%;--awb-margin-top-large:0px;--awb-spacing-right-large:1.92%;--awb-margin-bottom-large:0px;--awb-spacing-left-large:1.92%;--awb-width-medium:100%;--awb-spacing-right-medium:1.92%;--awb-spacing-left-medium:1.92%;--awb-width-small:100%;--awb-spacing-right-small:1.92%;--awb-spacing-left-small:1.92%;\"><div class=\"fusion-column-wrapper fusion-flex-justify-content-flex-start fusion-content-layout-column\"><div class=\"fusion-text fusion-text-1\"><h3>Allm\u00e4nna villkor<\/h3>\n<h4>1. Allm\u00e4nt<\/h4>\n<p>\u00c4gare av oddoffice tidrapporteringssystem nedan kallat oddoffice, samt \u00f6vriga tj\u00e4nster tillhandah\u00e5llna p\u00e5 oddoffice.com \u00e4r Odd Office AB (556870-0222), Spannarp 75, 432 77 Tv\u00e5\u00e5ker, nedan kallad f\u00f6r Odd Office. Dessa villkor reglerar avtalsf\u00f6rh\u00e5llandet mellan Odd Office och kontohavaren nedan kallad kunden.<\/p>\n<p>Endast n\u00e4ringsidkare har r\u00e4tt att anv\u00e4nda Odd Office tj\u00e4nster. Genom att tilltr\u00e4da detta avtal f\u00f6rv\u00e4rvar kunden endast r\u00e4tt att nyttja oddoffice. Kunden f\u00f6rv\u00e4rvar inga andra r\u00e4ttigheter av vad slag det vara m\u00e5 genom detta avtal. Avtal skall anses ha tr\u00e4ffats i och med det att kunden registrerats p\u00e5 oddoffice och har loggat in en g\u00e5ng.<\/p>\n<h4>2. Tj\u00e4nstebeskrivning<\/h4>\n<p>Odd Office uppl\u00e5ter m\u00f6jlighet f\u00f6r kunden att p\u00e5 nedanst\u00e5ende villkor bruka oddoffice s\u00e5som tj\u00e4nsten beskriv p\u00e5 hemsidan oddoffice.com genom abonnemangsavtal.<\/p>\n<h4>3. Avtal &amp; Avtalstid<\/h4>\n<p>Alla best\u00e4llningar \u00e4r bindande. Fr\u00e5n det att kund godk\u00e4nt och best\u00e4llt tj\u00e4nsten efter provtiden. Fr\u00e5n f\u00f6rsta best\u00e4llningsdagen l\u00f6per avtalet tills det s\u00e4gs upp. Abonnemangsavtalet kan avslutas av b\u00e4gge parter med omedelbar verkan. Avtalet tr\u00e4der i kraft s\u00e5 snart kunden har loggat in f\u00f6rsta g\u00e5ngen p\u00e5 sitt registrerade konto.<\/p>\n<h4>4. Abonnemangsavgift &amp; betalningsvillkor<\/h4>\n<p>F\u00f6r de abonnemang d\u00e4r arvode utg\u00e5r betalas dessa \u00e5rsvis eller kvartalsvis i f\u00f6rskott. V\u00e4ljer kunden \u00e5rsvis betalning dras en m\u00e5nadsavgift av p\u00e5 det sammanlagda \u00e5rspriset. Inbetalda\/f\u00f6rfallna arvoden skall betalas in och \u00e5terbetalas ej. Betalning skall vara Odd Office tillhanda fakturans f\u00f6rfallodaum. Dr\u00f6jsm\u00e5lsr\u00e4nta enligt referensr\u00e4nta plus 8 procentenheter samt lagstadgad p\u00e5minnelseavgift kan tillkomma om Kunden ej betalar i tid. Vid utebliven betalning \u00e4ger Odd Office r\u00e4tten att st\u00e4nga av kundens konto. Material p\u00e5 kundens konto sparas i 30 dagar efter fakturans f\u00f6rfallodatum. Ifall kunden efter att denne fullgjort sin betalningsskyldighet \u00e5ter ges tilltr\u00e4de till abonnemanget har Odd Office r\u00e4tt att debitera kunden en \u00e5terkopplingsavgift p\u00e5 1000 SEK exklusive moms f\u00f6r omkostnader f\u00f6rknippade med avst\u00e4ngning, samt \u00e5terkoppling av abonnemang.<\/p>\n<p>Avgifts\u00e4ndring kan endast tr\u00e4da i kraft i samband med ny avtalsperiod. Avgiftsh\u00f6jning skall meddelas minst en m\u00e5nad i f\u00f6rv\u00e4g. Avgiftss\u00e4nkning beh\u00f6ver inte meddelas i f\u00f6rv\u00e4g. Vid avgiftsh\u00f6jning har kunden r\u00e4tt att skriftligen s\u00e4ga upp avtalet med giltig verkan f\u00f6re avgiftsh\u00f6jningens ikrafttr\u00e4dande.<\/p>\n<p>Tillf\u00e4lliga kampanjpriser p\u00e5verkar inte p\u00e5g\u00e5ende avtal. Aktuella priser och abonnemang \u00e5terfinns alltid p\u00e5 hemsidan. Kunden skall snarast, dock senast inom 8 dagar fr\u00e5n fakturadatum, meddela Odd Office om faktura anses vara felaktig.<\/p>\n<h4>5. \u00d6verl\u00e5telse av abonnemang<\/h4>\n<p>Kontohavaren \u00e4ger endast r\u00e4tt att \u00f6verl\u00e5ta detta avtal efter medgivande av Odd Office. \u00d6verl\u00e5telsen och medgivandet skall ske skriftligen. Den fr\u00e5ntr\u00e4dande kontohavaren \u00e4r inte betalningsskyldig f\u00f6r f\u00f6rpliktelser som uppkommer efter \u00f6verl\u00e5telsetidpunkten. Den tilltr\u00e4dande kontohavaren \u00e4r inte betalningsskyldig f\u00f6r f\u00f6rpliktelser som uppkommit innan \u00f6verl\u00e5telsetidpunkten.<\/p>\n<h4>6. Odd Office ansvar<\/h4>\n<p>Odd Office ska behandla kundens personuppgifter i enlighet med till\u00e4mplig dataskyddslagstiftning.<\/p>\n<p>Odd Office ansvarar f\u00f6r driften av den med kunden \u00f6verenskomna tj\u00e4nsten, vilket bl a innefattar regelbunden backup av kundens data. Odd Office kan dock ej garantera att data g\u00e5r att \u00e5terl\u00e4sa till kundens konto.<\/p>\n<p>Odd Office ansvarar ej f\u00f6r direkta eller indirekta skador och ekonomiska f\u00f6rluster p\u00e5 grund av fel, f\u00f6rdr\u00f6jningar, ofullkomligheter, avbrott, uteblivna leveranser i form av data, bristande tillg\u00e4nglighet eller liknande omst\u00e4ndigheter eller h\u00e4ndelser. Med indirekt skada avses exempelvis f\u00f6rlust av data, hinder att uppfylla f\u00f6rpliktelser mot tredje man eller utebliven nytta av avtal. D\u00e5 tj\u00e4nsten \u00e4r avh\u00e4ngig av att internet fungerar normalt \u00e4r kunden inf\u00f6rst\u00e5dd med att avbrott, f\u00f6rdr\u00f6jningar, buggar och liknande hinder p\u00e5 internet inte utg\u00f6r fel i tj\u00e4nsten.<\/p>\n<p>Odd Office ut\u00f6var ingen kontroll \u00f6ver information eller material som finns p\u00e5 de servrar som Odd Office anv\u00e4nder sig utav. Odd Office \u00e4r ej heller skadest\u00e5ndsskyldigt om n\u00e5gon g\u00f6r intr\u00e5ng p\u00e5 ovan n\u00e4mnda servrar eller datorresurser och skaffar sig tillg\u00e5ng till, f\u00f6rst\u00f6r eller f\u00f6rvanskar information.<\/p>\n<p>Odd Office ansvarar ej f\u00f6r eventuellt kr\u00e4nkande information som finns p\u00e5 de servrar Odd Office anv\u00e4nder sig av. F\u00f6r att v\u00e4rna om kundens integritet hanterar Odd Office all information om kunden som konfidentiell. Dock kan Odd Office via domstolsf\u00f6rel\u00e4ggande, eller annan \u00e5tg\u00e4rd \u00e5l\u00e4ggas, eller vara tvungen att l\u00e4mna ut s\u00e5dana uppgifter om kunden till ber\u00f6rda myndigheter eller parter.<\/p>\n<p>Odd Office ansvarar inte f\u00f6r annat \u00e4n direkt kostnad som kan \u00e5samkas Kunden till f\u00f6ljd av grov v\u00e5rdsl\u00f6shet fr\u00e5n Odd Office sida. Ansvaret \u00e4r begr\u00e4nsat till det belopp som Odd Office kunnat fakturera kunden under den aktuella perioden.<\/p>\n<h4>7. Kundens ansvar<\/h4>\n<p>Kunden \u00e4r i f\u00f6rh\u00e5llande till Odd Office ensam ansvarig f\u00f6r den information som \u00f6verf\u00f6rs via Internet.<\/p>\n<p>Kunden ansvarar f\u00f6r att kundens personuppgifter behandlas enligt till\u00e4mplig dataskyddslagstiftning. Kunden \u00e4r f\u00f6ljaktligen ansvarig f\u00f6r att upphovsr\u00e4ttslagen, personuppgiftslagen och andra svenska lagar och f\u00f6rordningar f\u00f6ljs och att eventuellt n\u00f6dv\u00e4ndiga tillst\u00e5nd finns f\u00f6r att samla in, lagra, bearbeta och sprida information. Kunden ansvarar \u00e4ven f\u00f6r att allm\u00e4nt accepterade etiska normer och att Odd Office eller statlig myndighets anvisningar f\u00f6r bruk av tj\u00e4nsten efterf\u00f6ljs.<\/p>\n<p>Kunden ansvarar ensam f\u00f6r alla eventuella skadest\u00e5ndsanspr\u00e5k som kan riktas mot honom fr\u00e5n tredje man p\u00e5 grund av det inneh\u00e5ll som kunden anv\u00e4nder, laddar ner fr\u00e5n internet eller p\u00e5 annat s\u00e4tt kommer i kontakt med vid brukande av tj\u00e4nsten.<\/p>\n<h4>8. Reklambaserade underkonton<\/h4>\n<p>I de fall kunden utnyttjar m\u00f6jligheten i systemet att l\u00e4gga till en underentrepren\u00f6r s\u00e5 skapas ett konto f\u00f6r underentrepren\u00f6ren (ifall underentrepren\u00f6ren inte redan har ett konto). Det konto som skapas f\u00f6r underentrepren\u00f6rer kostar inte underentrepren\u00f6ren n\u00e5got. Kunden \u00e4r inf\u00f6rst\u00e5dd med att Odd Office kan komma att visa reklam fr\u00e5n tredje part p\u00e5 kontotypen f\u00f6r underentrepren\u00f6rer.<\/p>\n<h4>9. Behandling av personuppgifter (se bilaga 1)<\/h4>\n<p>G\u00e4llande er personal \u00e4r Odd Office personuppgiftsansvarig f\u00f6r den data som vi f\u00e5r i samband med v\u00e5ra aff\u00e4rstransaktioner med er. Dvs mailkorrespondens eller annan form av personuppgifter som inte l\u00e4ggs in i systemet av er eller p\u00e5 uppdrag av er. Du som kund \u00e4r personuppgiftsansvarig och Odd Office \u00e4r ditt personuppgiftsbitr\u00e4de. Du \u00e4r allts\u00e5 ansvarig f\u00f6r personuppgifter tillh\u00f6randes ditt konto i oddoffice. Dataskyddsombud f\u00f6r Odd Office n\u00e5s via mail p\u00e5 hvt@oddoffice.com. Vi lagrar v\u00e5ra kunders data enligt f\u00f6ljande: F\u00f6retagsnamn, adress och organisationsnummer. Dels f\u00f6r att kunna fakturera f\u00f6r v\u00e5r tj\u00e4nst, men \u00e4ven f\u00f6r att dessa uppgifter \u00e4r n\u00f6dv\u00e4ndiga f\u00f6r anv\u00e4ndandet av v\u00e5ran tj\u00e4nst. F\u00f6retagens anst\u00e4lldas namn, email, mobilnummer, adress och personnummer. Email och mobilnummer \u00e4r n\u00f6dv\u00e4ndiga f\u00f6r inloggning till tj\u00e4nsten och personnummer \u00e4r n\u00f6dv\u00e4ndiga f\u00f6r att uppfylla kraven vid anv\u00e4ndande av den elektroniska personalliggaren. Kundernas egna slutkunders data i form av kundnamn, adress och i vissa fall email, telefonnummer samt personnummer\/organisationsnummer. I de fall f\u00f6retagen skapar offerter och fakturor med ROT-arbete s\u00e5 beh\u00f6vs slutkundens personnummer. Ovanst\u00e5ende data och backuper p\u00e5 ovanst\u00e5ende data lagras p\u00e5 server hos Glesys AB i Falkenberg (www.glesys.se). Servern finns fysiskt i Falkenberg. F\u00f6retagsadministrat\u00f6ren kan n\u00e4r som helst g\u00e5 in och redigera de personuppgifter som tillh\u00f6r f\u00f6retagets anst\u00e4llda och f\u00f6retagets kunder. Viss information, s\u00e5 som personal med registrerade tider kan inte raderas men samtliga f\u00e4lt knutna till anv\u00e4ndaren kan \u00e4ndras\/anonymiseras. Varje kunds data \u00e4r endast tillg\u00e4nglig f\u00f6r respektive kund och Odd Office. Odd Office har endast tillg\u00e5ng till datat i support- och utvecklingssyfte.<\/p>\n<h4>10. Policys<\/h4>\n<p>Om Odd Office, eller dess kunder, p\u00e5 grund av kunds nyttjande av denna tj\u00e4nst, figurerar i samband med oseri\u00f6s anv\u00e4ndning av internet, f\u00f6rbeh\u00e5ller sig Odd Office r\u00e4tten till fri pr\u00f6vning av nedanst\u00e5ende regler.<\/p>\n<p>Kunden medger r\u00e4tt f\u00f6r Odd Office att kontrollera informationen p\u00e5 kundens lagringsutrymme. Om en anv\u00e4ndare bryter mot detta avtal eller Odd Office policy, f\u00f6rbeh\u00e5ller sig Odd Office r\u00e4tten att blockera den information som anses ol\u00e4mplig. \u00c4r \u00f6vertr\u00e4delsen grov kan kunden avst\u00e4ngas helt eller delvis fr\u00e5n fortsatt bruk av tj\u00e4nsten.<\/p>\n<h4>11. Force majeure<\/h4>\n<p>Ers\u00e4ttning f\u00f6r skada f\u00f6religger inte om f\u00f6rsening, obrukbarhet eller skadan beror p\u00e5 en omst\u00e4ndighet utanf\u00f6r Odd Office kontroll vars f\u00f6ljder inte sk\u00e4ligen kunnat undvikas eller \u00f6vervinnas, t ex skada som tillfogats kunden av tredje man, arbetskonflikt (oavsett om den omfattar Odd Office personal eller inte), olycksh\u00e4ndelser, krig, blixtnedslag, brand, explosion, h\u00e5rt v\u00e4der, naturkatastrof eller handling eller underl\u00e5tenhet fr\u00e5n myndighet eller annan f\u00f6r vilken Odd Office inte svarar.<\/p>\n<h4>12. \u00c4ndringar i avtalet<\/h4>\n<p>Odd Office \u00e4ger r\u00e4tt att \u00e4ndra dessa villkor under avtalstiden. \u00c4ndringar tr\u00e4der i kraft s\u00e5 snart de meddelats p\u00e5 tj\u00e4nstens hemsida (oddoffice.com). B\u00e4gge parter \u00e4ger r\u00e4tt att n\u00e4r som helst s\u00e4ga upp avtalet.<\/p>\n<h4>13. Tvist<\/h4>\n<p>Tvist med anledning av till\u00e4mpningen eller tolkningen av detta avtal skall avg\u00f6ras i svensk allm\u00e4n domstol enligt svensk lag.<\/p>\n<h3>Bilaga 1, GDPR-avtal, personuppgiftsansvarig, respektive personuppgiftsbitr\u00e4de<\/h3>\n<h4>Vad \u00e4r oddoffice?<\/h4>\n<p>oddoffice \u00e4r en molntj\u00e4nst som drivs av Odd Office AB. I oddoffice ges abonnerande f\u00f6retag m\u00f6jlighet att sk\u00f6ta sin tidrapportering och elektroniska personalliggare digitalt via webben\/mobilapp. oddoffice kan endast anv\u00e4ndas av f\u00f6retag. V\u00e5ra villkor, samt hur vi behandlar\/lagrar data framg\u00e5r i v\u00e5ra villkor p\u00e5 hemsidan, samt via l\u00e4nk fr\u00e5n administrationsgr\u00e4nssnittet.<\/p>\n<h4>Hur kommuniceras f\u00f6r\u00e4ndringar i avtal eller tj\u00e4nst?<\/h4>\n<p>Nyheter och f\u00f6r\u00e4ndringar kommuniceras ut till v\u00e5ra anv\u00e4ndare via systemets webbgr\u00e4nssnitt. Avtalsf\u00f6r\u00e4ndringar g\u00f6rs synliga i v\u00e5ra avtalsvillkor som finns p\u00e5 hemsidan, samt via l\u00e4nk fr\u00e5n administrationsgr\u00e4nssnittet. oddoffice kommunicerar inga f\u00f6r\u00e4ndringar eller nyheter via email, post, telefon eller SMS.<\/p>\n<h4>Vem har ansvaret f\u00f6r personuppgifter i mitt konto?<\/h4>\n<p>G\u00e4llande er personal \u00e4r Odd Office AB personuppgiftsansvarig f\u00f6r den data som vi f\u00e5r i samband med v\u00e5ra aff\u00e4rstransaktioner med er. Dvs mailkorrespondens eller annan form av personuppgifter som inte l\u00e4ggs in i systemet av er eller p\u00e5 uppdrag av er.<\/p>\n<p>Du som kund \u00e4r personuppgiftsansvarig och Odd Office AB \u00e4r ditt personuppgiftsbitr\u00e4de. Du \u00e4r allts\u00e5 ansvarig f\u00f6r personuppgifter tillh\u00f6randes ditt konto i oddoffice. Dataskyddsombud f\u00f6r Odd Office AB n\u00e5s via mail p\u00e5 hvt@oddoffice.com.<\/p>\n<h4>Vad lagras i systemet?<\/h4>\n<p>Vi lagrar v\u00e5ra kunders (samtliga bolagsformer) data enligt nedan:<\/p>\n<p>S\u00e5 som f\u00f6retagsnamn, adress och organisationsnummer. Dels f\u00f6r att kunna fakturera f\u00f6r v\u00e5r tj\u00e4nst, men \u00e4ven f\u00f6r att dessa uppgifter \u00e4r n\u00f6dv\u00e4ndiga f\u00f6r anv\u00e4ndandet av v\u00e5ran tj\u00e4nst.<\/p>\n<p>S\u00e5 som f\u00f6retagens anst\u00e4lldas namn, email, mobilnummer, adress och personnummer. Email och mobilnummer \u00e4r n\u00f6dv\u00e4ndiga f\u00f6r inloggning till tj\u00e4nsten och personnummer \u00e4r n\u00f6dv\u00e4ndiga f\u00f6r att uppfylla kraven vid anv\u00e4ndande av den elektroniska personalliggaren.<\/p>\n<p>Kundf\u00f6retagens egna slutkunders data i form av kundnamn, adress och i vissa fall email, telefonnummer samt personnummer\/organisationsnummer. I de fall f\u00f6retagen skapar offerter och fakturor med ROT-arbete s\u00e5 beh\u00f6vs slutkundens personnummer.<\/p>\n<h4>Hur lagras data i oddoffice?<\/h4>\n<p>Ovanst\u00e5ende data och backuper p\u00e5 ovanst\u00e5ende data lagras p\u00e5 server hos Glesys AB i Falkenberg (www.glesys.se). Servern finns fysiskt i Falkenberg.<\/p>\n<h4>Kan jag som f\u00f6retagsadministrat\u00f6r redigera och ta bort personuppgifter i systemet?<\/h4>\n<p>Ja, f\u00f6retagsadministrat\u00f6ren kan n\u00e4r som helst g\u00e5 in och redigera de personuppgifter som tillh\u00f6r f\u00f6retagets anst\u00e4llda och f\u00f6retagets kunder. Viss information, s\u00e5 som personal med registrerade tider kan inte raderas men samtliga f\u00e4lt knutna till anv\u00e4ndaren kan \u00e4ndras\/anonymiseras.<\/p>\n<h4>Vem kan f\u00e5 tillg\u00e5ng till mitt f\u00f6retags data?<\/h4>\n<p>Varje kunds data \u00e4r endast tillg\u00e4nglig f\u00f6r respektive kund och Odd Office AB. Odd Office AB har endast tillg\u00e5ng till datat i support- och utvecklingssyfte.<\/p>\n<\/div><\/div><\/div><\/div><\/div>\n","protected":false},"excerpt":{"rendered":"","protected":false},"author":1,"featured_media":0,"parent":0,"menu_order":0,"comment_status":"closed","ping_status":"open","template":"","meta":{"_monsterinsights_skip_tracking":false,"_monsterinsights_sitenote_active":false,"_monsterinsights_sitenote_note":"","_monsterinsights_sitenote_category":0,"footnotes":""},"class_list":["post-5357","page","type-page","status-publish","hentry"],"yoast_head":"<!-- This site is optimized with the Yoast SEO Premium plugin v22.2 (Yoast SEO v22.2) - https:\/\/yoast.com\/wordpress\/plugins\/seo\/ -->\n<title>Villkor - oddoffice<\/title>\n<meta name=\"description\" content=\"Engagera dina anst\u00e4llda med tidrapportering - l\u00e4r hur man anv\u00e4nder webbaserad drapportering f\u00f6r att \u00f6ka produktiviteten och effektiviteten!\" \/>\n<meta name=\"robots\" content=\"index, follow, max-snippet:-1, max-image-preview:large, max-video-preview:-1\" \/>\n<link rel=\"canonical\" href=\"https:\/\/oddoffice.com\/sv\/villkor\/\" \/>\n<meta property=\"og:locale\" content=\"sv_SE\" \/>\n<meta property=\"og:type\" content=\"article\" \/>\n<meta property=\"og:title\" content=\"Villkor\" \/>\n<meta property=\"og:description\" content=\"Engagera dina anst\u00e4llda med tidrapportering - l\u00e4r hur man anv\u00e4nder webbaserad drapportering f\u00f6r att \u00f6ka produktiviteten och effektiviteten!\" \/>\n<meta property=\"og:url\" content=\"https:\/\/oddoffice.com\/sv\/villkor\/\" \/>\n<meta property=\"og:site_name\" content=\"oddoffice\" \/>\n<meta property=\"article:modified_time\" content=\"2024-02-03T10:50:41+00:00\" \/>\n<meta name=\"twitter:card\" content=\"summary_large_image\" \/>\n<meta name=\"twitter:label1\" content=\"Est. reading time\" \/>\n\t<meta name=\"twitter:data1\" content=\"8 minutes\" \/>\n<script type=\"application\/ld+json\" class=\"yoast-schema-graph\">{\"@context\":\"https:\/\/schema.org\",\"@graph\":[{\"@type\":\"WebPage\",\"@id\":\"https:\/\/oddoffice.com\/sv\/villkor\/\",\"url\":\"https:\/\/oddoffice.com\/sv\/villkor\/\",\"name\":\"Villkor - oddoffice\",\"isPartOf\":{\"@id\":\"https:\/\/oddoffice.com\/sv\/#website\"},\"datePublished\":\"2023-11-22T22:28:38+00:00\",\"dateModified\":\"2024-02-03T10:50:41+00:00\",\"description\":\"Engagera dina anst\u00e4llda med tidrapportering - l\u00e4r hur man anv\u00e4nder webbaserad drapportering f\u00f6r att \u00f6ka produktiviteten och effektiviteten!\",\"breadcrumb\":{\"@id\":\"https:\/\/oddoffice.com\/sv\/villkor\/#breadcrumb\"},\"inLanguage\":\"sv-SE\",\"potentialAction\":[{\"@type\":\"ReadAction\",\"target\":[\"https:\/\/oddoffice.com\/sv\/villkor\/\"]}]},{\"@type\":\"BreadcrumbList\",\"@id\":\"https:\/\/oddoffice.com\/sv\/villkor\/#breadcrumb\",\"itemListElement\":[{\"@type\":\"ListItem\",\"position\":1,\"name\":\"Home\",\"item\":\"https:\/\/oddoffice.com\/sv\/tidrapportering-bygg\/\"},{\"@type\":\"ListItem\",\"position\":2,\"name\":\"Villkor\"}]},{\"@type\":\"WebSite\",\"@id\":\"https:\/\/oddoffice.com\/sv\/#website\",\"url\":\"https:\/\/oddoffice.com\/sv\/\",\"name\":\"oddoffice\",\"description\":\"Tidrapportering i enkel APP f\u00f6r hantverkare och bygg\",\"publisher\":{\"@id\":\"https:\/\/oddoffice.com\/sv\/#organization\"},\"potentialAction\":[{\"@type\":\"SearchAction\",\"target\":{\"@type\":\"EntryPoint\",\"urlTemplate\":\"https:\/\/oddoffice.com\/sv\/?s={search_term_string}\"},\"query-input\":\"required name=search_term_string\"}],\"inLanguage\":\"sv-SE\"},{\"@type\":\"Organization\",\"@id\":\"https:\/\/oddoffice.com\/sv\/#organization\",\"name\":\"oddoffice\",\"url\":\"https:\/\/oddoffice.com\/sv\/\",\"logo\":{\"@type\":\"ImageObject\",\"inLanguage\":\"sv-SE\",\"@id\":\"https:\/\/oddoffice.com\/sv\/#\/schema\/logo\/image\/\",\"url\":\"https:\/\/oddoffice.com\/wp-content\/uploads\/2023\/12\/oddoffice-scaled.webp\",\"contentUrl\":\"https:\/\/oddoffice.com\/wp-content\/uploads\/2023\/12\/oddoffice-scaled.webp\",\"width\":2560,\"height\":609,\"caption\":\"oddoffice\"},\"image\":{\"@id\":\"https:\/\/oddoffice.com\/sv\/#\/schema\/logo\/image\/\"}}]}<\/script>\n<!-- \/ Yoast SEO Premium plugin. -->","yoast_head_json":{"title":"Villkor - oddoffice","description":"Engagera dina anst\u00e4llda med tidrapportering - l\u00e4r hur man anv\u00e4nder webbaserad drapportering f\u00f6r att \u00f6ka produktiviteten och effektiviteten!","robots":{"index":"index","follow":"follow","max-snippet":"max-snippet:-1","max-image-preview":"max-image-preview:large","max-video-preview":"max-video-preview:-1"},"canonical":"https:\/\/oddoffice.com\/sv\/villkor\/","og_locale":"sv_SE","og_type":"article","og_title":"Villkor","og_description":"Engagera dina anst\u00e4llda med tidrapportering - l\u00e4r hur man anv\u00e4nder webbaserad drapportering f\u00f6r att \u00f6ka produktiviteten och effektiviteten!","og_url":"https:\/\/oddoffice.com\/sv\/villkor\/","og_site_name":"oddoffice","article_modified_time":"2024-02-03T10:50:41+00:00","twitter_card":"summary_large_image","twitter_misc":{"Est. reading time":"8 minutes"},"schema":{"@context":"https:\/\/schema.org","@graph":[{"@type":"WebPage","@id":"https:\/\/oddoffice.com\/sv\/villkor\/","url":"https:\/\/oddoffice.com\/sv\/villkor\/","name":"Villkor - oddoffice","isPartOf":{"@id":"https:\/\/oddoffice.com\/sv\/#website"},"datePublished":"2023-11-22T22:28:38+00:00","dateModified":"2024-02-03T10:50:41+00:00","description":"Engagera dina anst\u00e4llda med tidrapportering - l\u00e4r hur man anv\u00e4nder webbaserad drapportering f\u00f6r att \u00f6ka produktiviteten och effektiviteten!","breadcrumb":{"@id":"https:\/\/oddoffice.com\/sv\/villkor\/#breadcrumb"},"inLanguage":"sv-SE","potentialAction":[{"@type":"ReadAction","target":["https:\/\/oddoffice.com\/sv\/villkor\/"]}]},{"@type":"BreadcrumbList","@id":"https:\/\/oddoffice.com\/sv\/villkor\/#breadcrumb","itemListElement":[{"@type":"ListItem","position":1,"name":"Home","item":"https:\/\/oddoffice.com\/sv\/tidrapportering-bygg\/"},{"@type":"ListItem","position":2,"name":"Villkor"}]},{"@type":"WebSite","@id":"https:\/\/oddoffice.com\/sv\/#website","url":"https:\/\/oddoffice.com\/sv\/","name":"oddoffice","description":"Tidrapportering i enkel APP f\u00f6r hantverkare och bygg","publisher":{"@id":"https:\/\/oddoffice.com\/sv\/#organization"},"potentialAction":[{"@type":"SearchAction","target":{"@type":"EntryPoint","urlTemplate":"https:\/\/oddoffice.com\/sv\/?s={search_term_string}"},"query-input":"required name=search_term_string"}],"inLanguage":"sv-SE"},{"@type":"Organization","@id":"https:\/\/oddoffice.com\/sv\/#organization","name":"oddoffice","url":"https:\/\/oddoffice.com\/sv\/","logo":{"@type":"ImageObject","inLanguage":"sv-SE","@id":"https:\/\/oddoffice.com\/sv\/#\/schema\/logo\/image\/","url":"https:\/\/oddoffice.com\/wp-content\/uploads\/2023\/12\/oddoffice-scaled.webp","contentUrl":"https:\/\/oddoffice.com\/wp-content\/uploads\/2023\/12\/oddoffice-scaled.webp","width":2560,"height":609,"caption":"oddoffice"},"image":{"@id":"https:\/\/oddoffice.com\/sv\/#\/schema\/logo\/image\/"}}]}},"_links":{"self":[{"href":"https:\/\/oddoffice.com\/sv\/wp-json\/wp\/v2\/pages\/5357","targetHints":{"allow":["GET"]}}],"collection":[{"href":"https:\/\/oddoffice.com\/sv\/wp-json\/wp\/v2\/pages"}],"about":[{"href":"https:\/\/oddoffice.com\/sv\/wp-json\/wp\/v2\/types\/page"}],"author":[{"embeddable":true,"href":"https:\/\/oddoffice.com\/sv\/wp-json\/wp\/v2\/users\/1"}],"replies":[{"embeddable":true,"href":"https:\/\/oddoffice.com\/sv\/wp-json\/wp\/v2\/comments?post=5357"}],"version-history":[{"count":7,"href":"https:\/\/oddoffice.com\/sv\/wp-json\/wp\/v2\/pages\/5357\/revisions"}],"predecessor-version":[{"id":6150,"href":"https:\/\/oddoffice.com\/sv\/wp-json\/wp\/v2\/pages\/5357\/revisions\/6150"}],"wp:attachment":[{"href":"https:\/\/oddoffice.com\/sv\/wp-json\/wp\/v2\/media?parent=5357"}],"curies":[{"name":"wp","href":"https:\/\/api.w.org\/{rel}","templated":true}]}}