{"id":5794,"date":"2023-12-15T12:36:49","date_gmt":"2023-12-15T12:36:49","guid":{"rendered":"https:\/\/oddoffice.com\/?page_id=5794"},"modified":"2024-02-03T14:36:44","modified_gmt":"2024-02-03T14:36:44","slug":"system-for-bygghandeln","status":"publish","type":"page","link":"https:\/\/oddoffice.com\/sv\/system-for-bygghandeln\/","title":{"rendered":"System f\u00f6r bygghandeln"},"content":{"rendered":"<p><div class=\"fusion-fullwidth fullwidth-box fusion-builder-row-1 fusion-flex-container nonhundred-percent-fullwidth non-hundred-percent-height-scrolling\" style=\"--awb-border-radius-top-left:0px;--awb-border-radius-top-right:0px;--awb-border-radius-bottom-right:0px;--awb-border-radius-bottom-left:0px;--awb-padding-bottom:120px;--awb-padding-bottom-medium:80px;--awb-padding-top-small:16px;--awb-padding-bottom-small:16px;--awb-flex-wrap:wrap;\" ><div class=\"fusion-builder-row fusion-row fusion-flex-align-items-stretch fusion-flex-content-wrap\" style=\"max-width:1310.4px;margin-left: calc(-4% \/ 2 );margin-right: calc(-4% \/ 2 );\"><div class=\"fusion-layout-column fusion_builder_column fusion-builder-column-0 fusion_builder_column_1_2 1_2 fusion-flex-column\" style=\"--awb-bg-size:cover;--awb-width-large:50%;--awb-margin-top-large:20px;--awb-spacing-right-large:15.36%;--awb-margin-bottom-large:20px;--awb-spacing-left-large:11.52%;--awb-width-medium:50%;--awb-order-medium:0;--awb-spacing-right-medium:7.68%;--awb-spacing-left-medium:7.68%;--awb-width-small:100%;--awb-order-small:0;--awb-margin-top-small:12px;--awb-spacing-right-small:1.92%;--awb-margin-bottom-small:40px;--awb-spacing-left-small:1.92%;\"><div class=\"fusion-column-wrapper fusion-column-has-shadow fusion-flex-justify-content-center fusion-content-layout-column\"><div class=\"fusion-title title fusion-title-1 fusion-sep-none fusion-title-text fusion-title-size-four\" style=\"--awb-text-color:var(--awb-color7);--awb-margin-top:0px;--awb-margin-bottom:16px;\"><h4 class=\"fusion-title-heading title-heading-left fusion-responsive-typography-calculated\" style=\"margin:0;--fontSize:24;--minFontSize:24;line-height:1.42;\">Webbutik med koppling till ditt aff\u00e4rssystem<\/h4><\/div><div class=\"fusion-title title fusion-title-2 fusion-sep-none fusion-title-text fusion-title-size-two\" style=\"--awb-margin-top:0px;--awb-margin-top-small:0px;\"><h2 class=\"fusion-title-heading title-heading-left fusion-responsive-typography-calculated\" style=\"margin:0;--fontSize:48;line-height:1.2;\">N\u00e5 dina kunder p\u00e5 deras villkor<span style=\"color: #2cbc63;\">.<\/span><\/h2><\/div><div class=\"fusion-text fusion-text-1\"><p>Med en webbutik som \u00e4r direktkopplad mot ditt aff\u00e4rsssytem n\u00e5r du dina kunder dygnet runt, \u00e5ret om.<\/p>\n<p>Nu f\u00f6r tiden f\u00f6rv\u00e4ntar sig kunderna att kunna handla p\u00e5 sina egna villkor hemifr\u00e5n soffan eller fr\u00e5n husbilen p\u00e5 campingen. Byggvaror \u00e4r inget undantag och fler och fler ink\u00f6p sker via mobiltelefon eller dator.<\/p>\n<p>Vi har kopplat och byggt webbutiker mot flertalet olika system f\u00f6r bygghandeln s\u00e5 som GMS, iFenix och Trygg 2000. H\u00f6r av dig till oss s\u00e5 ber\u00e4ttar vi mer.<\/p>\n<\/div><\/div><\/div><div class=\"fusion-layout-column fusion_builder_column fusion-builder-column-1 fusion_builder_column_1_2 1_2 fusion-flex-column\" style=\"--awb-bg-position:center top;--awb-bg-size:cover;--awb-width-large:50%;--awb-margin-top-large:10px;--awb-spacing-right-large:3.84%;--awb-margin-bottom-large:10px;--awb-spacing-left-large:3.84%;--awb-width-medium:50%;--awb-order-medium:0;--awb-spacing-right-medium:3.84%;--awb-spacing-left-medium:3.84%;--awb-width-small:100%;--awb-order-small:0;--awb-spacing-right-small:1.92%;--awb-margin-bottom-small:0px;--awb-spacing-left-small:1.92%;\"><div class=\"fusion-column-wrapper fusion-column-has-shadow fusion-flex-justify-content-center fusion-content-layout-column\"><div class=\"fusion-image-element \" style=\"--awb-max-width:1500px;--awb-caption-title-font-family:var(--h2_typography-font-family);--awb-caption-title-font-weight:var(--h2_typography-font-weight);--awb-caption-title-font-style:var(--h2_typography-font-style);--awb-caption-title-size:var(--h2_typography-font-size);--awb-caption-title-transform:var(--h2_typography-text-transform);--awb-caption-title-line-height:var(--h2_typography-line-height);--awb-caption-title-letter-spacing:var(--h2_typography-letter-spacing);\"><span class=\" fusion-imageframe imageframe-none imageframe-1 hover-type-none\" style=\"border-radius:12px;\"><img decoding=\"async\" width=\"1828\" height=\"1662\" alt=\"Handla byggvaror p\u00e5 n\u00e4tet\" title=\"webbutik-byggvaror\" src=\"https:\/\/oddoffice.com\/wp-content\/uploads\/2024\/02\/webbutik-byggvaror.webp\" class=\"img-responsive wp-image-6145\" srcset=\"https:\/\/oddoffice.com\/wp-content\/uploads\/2024\/02\/webbutik-byggvaror-200x182.webp 200w, https:\/\/oddoffice.com\/wp-content\/uploads\/2024\/02\/webbutik-byggvaror-300x273.webp 300w, https:\/\/oddoffice.com\/wp-content\/uploads\/2024\/02\/webbutik-byggvaror-400x364.webp 400w, https:\/\/oddoffice.com\/wp-content\/uploads\/2024\/02\/webbutik-byggvaror-600x546.webp 600w, https:\/\/oddoffice.com\/wp-content\/uploads\/2024\/02\/webbutik-byggvaror-768x698.webp 768w, https:\/\/oddoffice.com\/wp-content\/uploads\/2024\/02\/webbutik-byggvaror-800x727.webp 800w, https:\/\/oddoffice.com\/wp-content\/uploads\/2024\/02\/webbutik-byggvaror-1024x931.webp 1024w, https:\/\/oddoffice.com\/wp-content\/uploads\/2024\/02\/webbutik-byggvaror-1200x1091.webp 1200w, https:\/\/oddoffice.com\/wp-content\/uploads\/2024\/02\/webbutik-byggvaror-1536x1397.webp 1536w, https:\/\/oddoffice.com\/wp-content\/uploads\/2024\/02\/webbutik-byggvaror.webp 1828w\" sizes=\"(max-width: 640px) 100vw, 600px\" \/><\/span><\/div><\/div><\/div><\/div><\/div><div class=\"fusion-fullwidth fullwidth-box fusion-builder-row-2 fusion-flex-container has-pattern-background has-mask-background nonhundred-percent-fullwidth non-hundred-percent-height-scrolling\" style=\"--awb-border-radius-top-left:0px;--awb-border-radius-top-right:0px;--awb-border-radius-bottom-right:0px;--awb-border-radius-bottom-left:0px;--awb-padding-top:120px;--awb-padding-bottom:120px;--awb-padding-top-medium:94px;--awb-padding-bottom-medium:94px;--awb-padding-top-small:36px;--awb-padding-bottom-small:60px;--awb-background-image:linear-gradient(90deg, var(--awb-custom10) 100%,var(--awb-color1) 94%);--awb-flex-wrap:wrap;\" ><div class=\"fusion-builder-row fusion-row fusion-flex-align-items-flex-start fusion-flex-justify-content-center fusion-flex-content-wrap\" style=\"max-width:1310.4px;margin-left: calc(-4% \/ 2 );margin-right: calc(-4% \/ 2 );\"><div class=\"fusion-layout-column fusion_builder_column fusion-builder-column-2 fusion_builder_column_1_2 1_2 fusion-flex-column\" style=\"--awb-bg-size:cover;--awb-width-large:50%;--awb-margin-top-large:20px;--awb-spacing-right-large:15.36%;--awb-margin-bottom-large:20px;--awb-spacing-left-large:3.84%;--awb-width-medium:50%;--awb-order-medium:0;--awb-spacing-right-medium:3.84%;--awb-spacing-left-medium:3.84%;--awb-width-small:83.333333333333%;--awb-order-small:0;--awb-spacing-right-small:2.304%;--awb-margin-bottom-small:480;--awb-spacing-left-small:2.304%;\"><div class=\"fusion-column-wrapper fusion-column-has-shadow fusion-flex-justify-content-center fusion-content-layout-column\"><div class=\"fusion-title title fusion-title-3 fusion-sep-none fusion-title-text fusion-title-size-two\" style=\"--awb-text-color:var(--awb-color1);--awb-margin-bottom:48px;\"><h2 class=\"fusion-title-heading title-heading-left fusion-responsive-typography-calculated\" style=\"margin:0;--fontSize:48;line-height:1.2;\">St\u00f6dfunktioner f\u00f6r bygghandeln.<\/h2><\/div><div class=\"fusion-title title fusion-title-4 fusion-sep-none fusion-title-text fusion-title-size-four\" style=\"--awb-text-color:var(--awb-color5);--awb-margin-top:0px;--awb-margin-bottom:12px;\"><h4 class=\"fusion-title-heading title-heading-left fusion-responsive-typography-calculated\" style=\"margin:0;--fontSize:24;--minFontSize:24;line-height:1.42;\">Transportplanering<\/h4><\/div><div class=\"fusion-text fusion-text-2\" style=\"--awb-text-color:var(--awb-color1);\"><p>V\u00e5r modul f\u00f6r transportplanering tillgodoser samtliga funktioner och avdelningar med n\u00f6dv\u00e4ndig information och enkla fl\u00f6den. Transportplaneraren ges en kraftfull plattform att planera, tillplockarna f\u00e5r en tydlig bild av vad som skall plockas och n\u00e4r. Chauff\u00f6rerna f\u00e5r upp n\u00e4sta k\u00f6rorder direkt i mobilen\/surfplattan och f\u00e5r guidning till slutadressen via exempelvis Google maps.<\/p>\n<\/div><div class=\"fusion-title title fusion-title-5 fusion-sep-none fusion-title-text fusion-title-size-four\" style=\"--awb-text-color:var(--awb-color5);--awb-margin-bottom:12px;\"><h4 class=\"fusion-title-heading title-heading-left fusion-responsive-typography-calculated\" style=\"margin:0;--fontSize:24;--minFontSize:24;line-height:1.42;\">Resursplanering<\/h4><\/div><div class=\"fusion-text fusion-text-3\" style=\"--awb-text-color:var(--awb-color1);\"><p>Har din bygghandel n\u00e5gon form av produktion s\u00e5 som grundm\u00e5lning, f\u00e4rdigkapning, luckproduktion eller liknande? Ta d\u00e5 med f\u00f6rdel hj\u00e4lp av v\u00e5r resursplanering f\u00f6r att underl\u00e4tta arbetet f\u00f6r b\u00e5de produktionspersonal och best\u00e4llare.<\/p>\n<\/div><div class=\"fusion-title title fusion-title-6 fusion-sep-none fusion-title-text fusion-title-size-four\" style=\"--awb-text-color:var(--awb-color5);--awb-margin-bottom:12px;\"><h4 class=\"fusion-title-heading title-heading-left fusion-responsive-typography-calculated\" style=\"margin:0;--fontSize:24;--minFontSize:24;line-height:1.42;\">Tidrapportering &#8211; digital st\u00e4mpelklocka<\/h4><\/div><div class=\"fusion-text fusion-text-4\" style=\"--awb-text-color:var(--awb-color1);\"><p>L\u00e5t din personal st\u00e4mpla in och ut via sina mobiler eller en surfplatta\/dator p\u00e5 anl\u00e4ggningen. Modulen inneh\u00e5ller \u00e4ven schema och fr\u00e5nvaroplanering. Med ett knapptryck kan samtliga medarbetare se vilka som \u00e4r inst\u00e4mplade f\u00f6r tillf\u00e4llet, samt vem som \u00e4r p\u00e5 rast och vem som \u00e4r sjuk eller ledig.<\/p>\n<\/div><\/div><\/div><div class=\"fusion-layout-column fusion_builder_column fusion-builder-column-3 fusion_builder_column_1_2 1_2 fusion-flex-column\" style=\"--awb-bg-position:center top;--awb-bg-size:cover;--awb-width-large:50%;--awb-margin-top-large:10px;--awb-spacing-right-large:3.84%;--awb-margin-bottom-large:10px;--awb-spacing-left-large:3.84%;--awb-width-medium:50%;--awb-order-medium:0;--awb-spacing-right-medium:3.84%;--awb-spacing-left-medium:3.84%;--awb-width-small:100%;--awb-order-small:0;--awb-spacing-right-small:1.92%;--awb-spacing-left-small:1.92%;\"><div class=\"fusion-column-wrapper fusion-column-has-shadow fusion-flex-justify-content-center fusion-content-layout-column\"><div class=\"fusion-image-element \" style=\"--awb-caption-title-font-family:var(--h2_typography-font-family);--awb-caption-title-font-weight:var(--h2_typography-font-weight);--awb-caption-title-font-style:var(--h2_typography-font-style);--awb-caption-title-size:var(--h2_typography-font-size);--awb-caption-title-transform:var(--h2_typography-text-transform);--awb-caption-title-line-height:var(--h2_typography-line-height);--awb-caption-title-letter-spacing:var(--h2_typography-letter-spacing);\"><span class=\" fusion-imageframe imageframe-none imageframe-2 hover-type-none\" style=\"border-radius:12px;\"><img decoding=\"async\" src=\"https:\/\/1timego.com\/wp-content\/uploads\/2023\/02\/click-mobile-phone-2406-600x600.png\" alt class=\"img-responsive\"\/><\/span><\/div><\/div><\/div><\/div><\/div><div class=\"fusion-fullwidth fullwidth-box fusion-builder-row-3 fusion-flex-container nonhundred-percent-fullwidth non-hundred-percent-height-scrolling\" style=\"--link_color: var(--awb-color1);--awb-border-radius-top-left:0px;--awb-border-radius-top-right:0px;--awb-border-radius-bottom-right:0px;--awb-border-radius-bottom-left:0px;--awb-padding-top:20px;--awb-padding-bottom:20px;--awb-padding-top-small:40px;--awb-padding-right-small:20px;--awb-padding-bottom-small:0px;--awb-padding-left-small:20px;--awb-flex-wrap:wrap;\" ><div class=\"fusion-builder-row fusion-row fusion-flex-align-items-center fusion-flex-justify-content-center fusion-flex-content-wrap\" style=\"max-width:1310.4px;margin-left: calc(-4% \/ 2 );margin-right: calc(-4% \/ 2 );\"><div class=\"fusion-layout-column fusion_builder_column fusion-builder-column-4 fusion_builder_column_1_1 1_1 fusion-flex-column\" style=\"--awb-padding-top:5%;--awb-padding-right:6%;--awb-padding-bottom:5%;--awb-padding-left:6%;--awb-overflow:hidden;--awb-bg-color:var(--awb-custom10);--awb-bg-color-hover:var(--awb-custom10);--awb-bg-size:cover;--awb-box-shadow:0px 24px 40px 0px hsla(var(--awb-custom1-h),var(--awb-custom1-s),var(--awb-custom1-l),calc( var(--awb-custom1-a) - 76% ));;--awb-border-radius:24px 24px 24px 24px;--awb-width-large:100%;--awb-margin-top-large:20px;--awb-spacing-right-large:0%;--awb-margin-bottom-large:20px;--awb-spacing-left-large:0%;--awb-width-medium:100%;--awb-order-medium:0;--awb-spacing-right-medium:0%;--awb-spacing-left-medium:0%;--awb-width-small:100%;--awb-order-small:0;--awb-spacing-right-small:1.92%;--awb-spacing-left-small:1.92%;\"><div class=\"fusion-column-wrapper fusion-column-has-shadow fusion-flex-justify-content-flex-start fusion-content-layout-column\"><div class=\"fusion-builder-row fusion-builder-row-inner fusion-row fusion-flex-align-items-center fusion-flex-justify-content-center fusion-flex-content-wrap\" style=\"width:104% !important;max-width:104% !important;margin-left: calc(-4% \/ 2 );margin-right: calc(-4% \/ 2 );\"><div class=\"fusion-layout-column fusion_builder_column_inner fusion-builder-nested-column-0 fusion_builder_column_inner_3_4 3_4 fusion-flex-column\" style=\"--awb-bg-size:cover;--awb-width-large:75%;--awb-margin-top-large:12px;--awb-spacing-right-large:2.56%;--awb-margin-bottom-large:20px;--awb-spacing-left-large:2.56%;--awb-width-medium:60%;--awb-order-medium:0;--awb-spacing-right-medium:3.2%;--awb-spacing-left-medium:3.2%;--awb-width-small:100%;--awb-order-small:0;--awb-spacing-right-small:1.92%;--awb-margin-bottom-small:0px;--awb-spacing-left-small:1.92%;\"><div class=\"fusion-column-wrapper fusion-column-has-shadow fusion-flex-justify-content-flex-start fusion-content-layout-column\"><div class=\"fusion-title title fusion-title-7 fusion-sep-none fusion-title-text fusion-title-size-one\" style=\"--awb-text-color:var(--awb-color1);\"><h1 class=\"fusion-title-heading title-heading-left sm-text-align-center fusion-responsive-typography-calculated\" style=\"margin:0;--fontSize:52;line-height:var(--awb-typography1-line-height);\">Vill du veta mer?<\/h1><\/div><div class=\"fusion-text fusion-text-5 sm-text-align-center\" style=\"--awb-font-size:26px;--awb-line-height:36px;--awb-text-color:var(--awb-color1);\"><p>Kontakta oss redan idag f\u00f6r att prata mer om hur vi kan hj\u00e4lpa just din bygghandel att bli effektivare och mer l\u00f6nsam med st\u00f6d- och supportsystem f\u00f6r bygghandeln.<\/p>\n<\/div><\/div><\/div><div class=\"fusion-layout-column fusion_builder_column_inner fusion-builder-nested-column-1 fusion_builder_column_inner_1_4 1_4 fusion-flex-column\" style=\"--awb-bg-size:cover;--awb-width-large:25%;--awb-margin-top-large:20px;--awb-spacing-right-large:7.68%;--awb-margin-bottom-large:20px;--awb-spacing-left-large:7.68%;--awb-width-medium:40%;--awb-order-medium:0;--awb-spacing-right-medium:4.8%;--awb-spacing-left-medium:4.8%;--awb-width-small:100%;--awb-order-small:0;--awb-spacing-right-small:1.92%;--awb-spacing-left-small:1.92%;\"><div class=\"fusion-column-wrapper fusion-column-has-shadow fusion-flex-justify-content-flex-start fusion-content-layout-column\"><div style=\"text-align:center;\"><a class=\"fusion-button button-flat fusion-button-default-size button-default fusion-button-default button-1 fusion-button-span-yes fusion-button-default-type\" target=\"_self\" href=\"mailto:info@oddoffice.com\"><span class=\"fusion-button-text\">Kontakta oss<\/span><\/a><\/div><\/div><\/div><\/div><\/div><\/div><\/div><\/div><\/p>\n","protected":false},"excerpt":{"rendered":"","protected":false},"author":1,"featured_media":0,"parent":0,"menu_order":0,"comment_status":"closed","ping_status":"closed","template":"100-width.php","meta":{"_monsterinsights_skip_tracking":false,"_monsterinsights_sitenote_active":false,"_monsterinsights_sitenote_note":"","_monsterinsights_sitenote_category":0,"footnotes":""},"class_list":["post-5794","page","type-page","status-publish","hentry"],"yoast_head":"<!-- This site is optimized with the Yoast SEO Premium plugin v22.2 (Yoast SEO v22.2) - https:\/\/yoast.com\/wordpress\/plugins\/seo\/ -->\n<title>System f\u00f6r bygghandeln - oddoffice<\/title>\n<meta name=\"robots\" content=\"index, follow, max-snippet:-1, max-image-preview:large, max-video-preview:-1\" \/>\n<link rel=\"canonical\" href=\"https:\/\/oddoffice.com\/sv\/system-for-bygghandeln\/\" \/>\n<meta property=\"og:locale\" content=\"sv_SE\" \/>\n<meta property=\"og:type\" content=\"article\" \/>\n<meta property=\"og:title\" content=\"System f\u00f6r bygghandeln\" \/>\n<meta property=\"og:url\" content=\"https:\/\/oddoffice.com\/sv\/system-for-bygghandeln\/\" \/>\n<meta property=\"og:site_name\" content=\"oddoffice\" \/>\n<meta property=\"article:modified_time\" content=\"2024-02-03T14:36:44+00:00\" \/>\n<meta name=\"twitter:card\" content=\"summary_large_image\" \/>\n<meta name=\"twitter:label1\" content=\"Est. reading time\" \/>\n\t<meta name=\"twitter:data1\" content=\"2 minutes\" \/>\n<script type=\"application\/ld+json\" class=\"yoast-schema-graph\">{\"@context\":\"https:\/\/schema.org\",\"@graph\":[{\"@type\":\"WebPage\",\"@id\":\"https:\/\/oddoffice.com\/sv\/system-for-bygghandeln\/\",\"url\":\"https:\/\/oddoffice.com\/sv\/system-for-bygghandeln\/\",\"name\":\"System f\u00f6r bygghandeln - oddoffice\",\"isPartOf\":{\"@id\":\"https:\/\/oddoffice.com\/sv\/#website\"},\"datePublished\":\"2023-12-15T12:36:49+00:00\",\"dateModified\":\"2024-02-03T14:36:44+00:00\",\"breadcrumb\":{\"@id\":\"https:\/\/oddoffice.com\/sv\/system-for-bygghandeln\/#breadcrumb\"},\"inLanguage\":\"sv-SE\",\"potentialAction\":[{\"@type\":\"ReadAction\",\"target\":[\"https:\/\/oddoffice.com\/sv\/system-for-bygghandeln\/\"]}]},{\"@type\":\"BreadcrumbList\",\"@id\":\"https:\/\/oddoffice.com\/sv\/system-for-bygghandeln\/#breadcrumb\",\"itemListElement\":[{\"@type\":\"ListItem\",\"position\":1,\"name\":\"Home\",\"item\":\"https:\/\/oddoffice.com\/sv\/tidrapportering-bygg\/\"},{\"@type\":\"ListItem\",\"position\":2,\"name\":\"System f\u00f6r bygghandeln\"}]},{\"@type\":\"WebSite\",\"@id\":\"https:\/\/oddoffice.com\/sv\/#website\",\"url\":\"https:\/\/oddoffice.com\/sv\/\",\"name\":\"oddoffice\",\"description\":\"Tidrapportering i enkel APP f\u00f6r hantverkare och bygg\",\"publisher\":{\"@id\":\"https:\/\/oddoffice.com\/sv\/#organization\"},\"potentialAction\":[{\"@type\":\"SearchAction\",\"target\":{\"@type\":\"EntryPoint\",\"urlTemplate\":\"https:\/\/oddoffice.com\/sv\/?s={search_term_string}\"},\"query-input\":\"required name=search_term_string\"}],\"inLanguage\":\"sv-SE\"},{\"@type\":\"Organization\",\"@id\":\"https:\/\/oddoffice.com\/sv\/#organization\",\"name\":\"oddoffice\",\"url\":\"https:\/\/oddoffice.com\/sv\/\",\"logo\":{\"@type\":\"ImageObject\",\"inLanguage\":\"sv-SE\",\"@id\":\"https:\/\/oddoffice.com\/sv\/#\/schema\/logo\/image\/\",\"url\":\"https:\/\/oddoffice.com\/wp-content\/uploads\/2023\/12\/oddoffice-scaled.webp\",\"contentUrl\":\"https:\/\/oddoffice.com\/wp-content\/uploads\/2023\/12\/oddoffice-scaled.webp\",\"width\":2560,\"height\":609,\"caption\":\"oddoffice\"},\"image\":{\"@id\":\"https:\/\/oddoffice.com\/sv\/#\/schema\/logo\/image\/\"}}]}<\/script>\n<!-- \/ Yoast SEO Premium plugin. -->","yoast_head_json":{"title":"System f\u00f6r bygghandeln - oddoffice","robots":{"index":"index","follow":"follow","max-snippet":"max-snippet:-1","max-image-preview":"max-image-preview:large","max-video-preview":"max-video-preview:-1"},"canonical":"https:\/\/oddoffice.com\/sv\/system-for-bygghandeln\/","og_locale":"sv_SE","og_type":"article","og_title":"System f\u00f6r bygghandeln","og_url":"https:\/\/oddoffice.com\/sv\/system-for-bygghandeln\/","og_site_name":"oddoffice","article_modified_time":"2024-02-03T14:36:44+00:00","twitter_card":"summary_large_image","twitter_misc":{"Est. reading time":"2 minutes"},"schema":{"@context":"https:\/\/schema.org","@graph":[{"@type":"WebPage","@id":"https:\/\/oddoffice.com\/sv\/system-for-bygghandeln\/","url":"https:\/\/oddoffice.com\/sv\/system-for-bygghandeln\/","name":"System f\u00f6r bygghandeln - oddoffice","isPartOf":{"@id":"https:\/\/oddoffice.com\/sv\/#website"},"datePublished":"2023-12-15T12:36:49+00:00","dateModified":"2024-02-03T14:36:44+00:00","breadcrumb":{"@id":"https:\/\/oddoffice.com\/sv\/system-for-bygghandeln\/#breadcrumb"},"inLanguage":"sv-SE","potentialAction":[{"@type":"ReadAction","target":["https:\/\/oddoffice.com\/sv\/system-for-bygghandeln\/"]}]},{"@type":"BreadcrumbList","@id":"https:\/\/oddoffice.com\/sv\/system-for-bygghandeln\/#breadcrumb","itemListElement":[{"@type":"ListItem","position":1,"name":"Home","item":"https:\/\/oddoffice.com\/sv\/tidrapportering-bygg\/"},{"@type":"ListItem","position":2,"name":"System f\u00f6r bygghandeln"}]},{"@type":"WebSite","@id":"https:\/\/oddoffice.com\/sv\/#website","url":"https:\/\/oddoffice.com\/sv\/","name":"oddoffice","description":"Tidrapportering i enkel APP f\u00f6r hantverkare och bygg","publisher":{"@id":"https:\/\/oddoffice.com\/sv\/#organization"},"potentialAction":[{"@type":"SearchAction","target":{"@type":"EntryPoint","urlTemplate":"https:\/\/oddoffice.com\/sv\/?s={search_term_string}"},"query-input":"required name=search_term_string"}],"inLanguage":"sv-SE"},{"@type":"Organization","@id":"https:\/\/oddoffice.com\/sv\/#organization","name":"oddoffice","url":"https:\/\/oddoffice.com\/sv\/","logo":{"@type":"ImageObject","inLanguage":"sv-SE","@id":"https:\/\/oddoffice.com\/sv\/#\/schema\/logo\/image\/","url":"https:\/\/oddoffice.com\/wp-content\/uploads\/2023\/12\/oddoffice-scaled.webp","contentUrl":"https:\/\/oddoffice.com\/wp-content\/uploads\/2023\/12\/oddoffice-scaled.webp","width":2560,"height":609,"caption":"oddoffice"},"image":{"@id":"https:\/\/oddoffice.com\/sv\/#\/schema\/logo\/image\/"}}]}},"_links":{"self":[{"href":"https:\/\/oddoffice.com\/sv\/wp-json\/wp\/v2\/pages\/5794","targetHints":{"allow":["GET"]}}],"collection":[{"href":"https:\/\/oddoffice.com\/sv\/wp-json\/wp\/v2\/pages"}],"about":[{"href":"https:\/\/oddoffice.com\/sv\/wp-json\/wp\/v2\/types\/page"}],"author":[{"embeddable":true,"href":"https:\/\/oddoffice.com\/sv\/wp-json\/wp\/v2\/users\/1"}],"replies":[{"embeddable":true,"href":"https:\/\/oddoffice.com\/sv\/wp-json\/wp\/v2\/comments?post=5794"}],"version-history":[{"count":26,"href":"https:\/\/oddoffice.com\/sv\/wp-json\/wp\/v2\/pages\/5794\/revisions"}],"predecessor-version":[{"id":6217,"href":"https:\/\/oddoffice.com\/sv\/wp-json\/wp\/v2\/pages\/5794\/revisions\/6217"}],"wp:attachment":[{"href":"https:\/\/oddoffice.com\/sv\/wp-json\/wp\/v2\/media?parent=5794"}],"curies":[{"name":"wp","href":"https:\/\/api.w.org\/{rel}","templated":true}]}}