{"id":6155,"date":"2024-02-03T10:59:06","date_gmt":"2024-02-03T10:59:06","guid":{"rendered":"https:\/\/oddoffice.com\/priser\/"},"modified":"2024-02-19T09:00:19","modified_gmt":"2024-02-19T09:00:19","slug":"priser","status":"publish","type":"page","link":"https:\/\/oddoffice.com\/sv\/priser\/","title":{"rendered":"Priser"},"content":{"rendered":"<div class=\"fusion-fullwidth fullwidth-box fusion-builder-row-1 fusion-flex-container has-pattern-background has-mask-background nonhundred-percent-fullwidth non-hundred-percent-height-scrolling\" style=\"--awb-border-radius-top-left:0px;--awb-border-radius-top-right:0px;--awb-border-radius-bottom-right:0px;--awb-border-radius-bottom-left:0px;--awb-background-color:#ffffff;--awb-flex-wrap:wrap;\" ><div class=\"fusion-builder-row fusion-row fusion-flex-align-items-stretch fusion-flex-content-wrap\" style=\"max-width:calc( 1260px + 30px );margin-left: calc(-30px \/ 2 );margin-right: calc(-30px \/ 2 );\"><div class=\"fusion-layout-column fusion_builder_column fusion-builder-column-0 fusion_builder_column_2_5 2_5 fusion-flex-column\" style=\"--awb-padding-top:30px;--awb-padding-right:30px;--awb-padding-bottom:30px;--awb-padding-left:30px;--awb-padding-top-medium:20px;--awb-padding-right-medium:20px;--awb-padding-bottom-medium:20px;--awb-padding-left-medium:20px;--awb-padding-top-small:30px;--awb-padding-right-small:30px;--awb-padding-bottom-small:30px;--awb-padding-left-small:30px;--awb-overflow:hidden;--awb-bg-color:#ffffff;--awb-bg-color-hover:#ffffff;--awb-bg-size:cover;--awb-box-shadow:0px 1px 2px 0px rgba(24,24,27,0.05);;--awb-border-color:#eceff2;--awb-border-top:1px;--awb-border-right:1px;--awb-border-bottom:1px;--awb-border-left:1px;--awb-border-style:solid;--awb-border-radius:12px 12px 12px 12px;--awb-width-large:40%;--awb-margin-top-large:35px;--awb-spacing-right-large:15px;--awb-margin-bottom-large:20px;--awb-spacing-left-large:15px;--awb-width-medium:40%;--awb-order-medium:0;--awb-spacing-right-medium:15px;--awb-spacing-left-medium:15px;--awb-width-small:100%;--awb-order-small:0;--awb-margin-top-small:16px;--awb-spacing-right-small:15px;--awb-margin-bottom-small:16px;--awb-spacing-left-small:15px;\"><div class=\"fusion-column-wrapper fusion-column-has-shadow fusion-flex-justify-content-flex-start fusion-content-layout-column\"><div class=\"fusion-title title fusion-title-1 fusion-sep-none fusion-title-text fusion-title-size-div\" style=\"--awb-text-color:#19191b;--awb-margin-top:6px;--awb-margin-bottom:12px;--awb-font-size:24px;\"><div class=\"fusion-title-heading title-heading-left title-heading-tag fusion-responsive-typography-calculated\" style=\"font-family:&quot;Plus Jakarta Sans&quot;;font-style:normal;font-weight:500;margin:0;font-size:1em;letter-spacing:-0.01em;text-transform:var(--awb-typography2-text-transform);--fontSize:24;--minFontSize:24;line-height:1.2;\">Prova tidrapportering gratis<\/div><\/div><div class=\"fusion-title title fusion-title-2 fusion-sep-none fusion-title-text fusion-title-size-three\" style=\"--awb-text-color:#19191b;--awb-margin-top:0px;--awb-margin-bottom:0px;--awb-font-size:48px;\"><h3 class=\"fusion-title-heading title-heading-left fusion-responsive-typography-calculated\" style=\"font-family:&quot;Plus Jakarta Sans&quot;;font-style:normal;font-weight:700;margin:0;font-size:1em;letter-spacing:-0.015em;text-transform:var(--awb-typography1-text-transform);--fontSize:48;line-height:1.2;\">Provkonto<\/h3><\/div><div class=\"fusion-text fusion-text-1 fusion-text-no-margin\" style=\"--awb-font-size:13px;--awb-line-height:1.5em;--awb-letter-spacing:0px;--awb-text-transform:var(--awb-typography5-text-transform);--awb-text-color:#70737c;--awb-margin-top:0px;--awb-margin-bottom:48px;--awb-text-font-family:&quot;Plus Jakarta Sans&quot;;--awb-text-font-style:normal;--awb-text-font-weight:500;\"><p>14 dagar. Ingen automatisk f\u00f6rl\u00e4ngning.<\/p>\n<\/div><div ><a class=\"fusion-button button-flat fusion-button-default-size button-custom fusion-button-default button-1 fusion-button-span-yes fusion-button-default-type fusion-has-button-gradient\" style=\"--button_accent_color:#ffffff;--button_border_color:#ffffff;--button_accent_hover_color:#ffffff;--button_border_hover_color:#ffffff;--button-border-radius-top-left:10px;--button-border-radius-top-right:10px;--button-border-radius-bottom-right:10px;--button-border-radius-bottom-left:10px;--button_gradient_angle:160deg;--button_gradient_start:20%;--button_gradient_top_color:var(--awb-color7);--button_gradient_bottom_color:var(--awb-color7);--button_gradient_top_color_hover:#2295fe;--button_gradient_bottom_color_hover:#0174df;--button_text_transform:capitalize;--button_font_size:18px;--button_line_height:1.36em;--button_typography-letter-spacing:0em;--button_typography-font-family:&quot;Plus Jakarta Sans&quot;;--button_typography-font-style:normal;--button_typography-font-weight:500;\" target=\"_self\" href=\"https:\/\/1time.se\/system\/u\/signup_form_testkonto.php\"><span class=\"fusion-button-text\">Prova nu<\/span><\/a><\/div><div class=\"fusion-text fusion-text-2 fusion-text-no-margin\" style=\"--awb-font-size:16px;--awb-line-height:1.72em;--awb-letter-spacing:0.01em;--awb-text-transform:var(--awb-typography4-text-transform);--awb-text-color:#19191b;--awb-margin-top:24px;--awb-margin-bottom:0px;--awb-text-font-family:&quot;Plus Jakarta Sans&quot;;--awb-text-font-style:normal;--awb-text-font-weight:400;\"><p>Du f\u00e5r full tillg\u00e5ng till systemet och alla dess funktioner i 14 dagar. L\u00e4gg till dina p\u00e5g\u00e5ende projekt, bjud in dina medarbetare och utforska oddoffice.<\/p>\n<p>V\u00e4ljer du att forts\u00e4tta efter provtiden s\u00e5 v\u00e4ljer du n\u00e5got av nedanst\u00e5ende abonnemang.<\/p>\n<p>Allt som du matar in i systemet under din provperiod sparas och finns kvar i systemet ifall du v\u00e4ljer att forts\u00e4tta.<\/p>\n<\/div><\/div><\/div><div class=\"fusion-layout-column fusion_builder_column fusion-builder-column-1 fusion_builder_column_1_5 1_5 fusion-flex-column\" style=\"--awb-padding-top:30px;--awb-padding-right:30px;--awb-padding-bottom:30px;--awb-padding-left:30px;--awb-padding-top-medium:20px;--awb-padding-right-medium:20px;--awb-padding-bottom-medium:20px;--awb-padding-left-medium:20px;--awb-padding-top-small:30px;--awb-padding-right-small:30px;--awb-padding-bottom-small:30px;--awb-padding-left-small:30px;--awb-overflow:hidden;--awb-bg-color:#ffffff;--awb-bg-color-hover:#ffffff;--awb-bg-size:cover;--awb-box-shadow:0px 1px 2px 0px rgba(24,24,27,0.05);;--awb-border-color:#eceff2;--awb-border-top:1px;--awb-border-right:1px;--awb-border-bottom:1px;--awb-border-left:1px;--awb-border-style:solid;--awb-border-radius:12px 12px 12px 12px;--awb-width-large:20%;--awb-margin-top-large:35px;--awb-spacing-right-large:15px;--awb-margin-bottom-large:20px;--awb-spacing-left-large:15px;--awb-width-medium:20%;--awb-order-medium:0;--awb-spacing-right-medium:15px;--awb-spacing-left-medium:15px;--awb-width-small:100%;--awb-order-small:0;--awb-margin-top-small:16px;--awb-spacing-right-small:15px;--awb-margin-bottom-small:16px;--awb-spacing-left-small:15px;\"><div class=\"fusion-column-wrapper fusion-column-has-shadow fusion-flex-justify-content-flex-start fusion-content-layout-column\"><div class=\"fusion-title title fusion-title-3 fusion-sep-none fusion-title-center fusion-title-text fusion-title-size-div\" style=\"--awb-text-color:#19191b;--awb-margin-top:6px;--awb-margin-bottom:12px;--awb-font-size:24px;\"><div class=\"fusion-title-heading title-heading-center title-heading-tag fusion-responsive-typography-calculated\" style=\"font-family:&quot;Plus Jakarta Sans&quot;;font-style:normal;font-weight:500;margin:0;font-size:1em;letter-spacing:-0.01em;text-transform:var(--awb-typography2-text-transform);--fontSize:24;--minFontSize:24;line-height:1.2;\"><p><span style=\"font-size: larger;\">1-10 anv.<\/span><\/p>\n<hr><\/div><\/div><div class=\"fusion-title title fusion-title-4 fusion-sep-none fusion-title-center fusion-title-text fusion-title-size-three\" style=\"--awb-text-color:#19191b;--awb-margin-top:0px;--awb-margin-bottom:0px;--awb-font-size:48px;\"><h3 class=\"fusion-title-heading title-heading-center fusion-responsive-typography-calculated\" style=\"font-family:&quot;Plus Jakarta Sans&quot;;font-style:normal;font-weight:700;margin:0;font-size:1em;letter-spacing:-0.015em;text-transform:var(--awb-typography1-text-transform);--fontSize:48;line-height:1.2;\">995 <span style=\"font-size: 18px;\">\/m\u00e5n<\/span><\/h3><\/div><div class=\"fusion-text fusion-text-3 fusion-text-no-margin\" style=\"--awb-content-alignment:center;--awb-font-size:13px;--awb-line-height:1.5em;--awb-letter-spacing:0px;--awb-text-transform:var(--awb-typography5-text-transform);--awb-text-color:#70737c;--awb-margin-top:10px;--awb-margin-bottom:48px;--awb-text-font-family:&quot;Plus Jakarta Sans&quot;;--awb-text-font-style:normal;--awb-text-font-weight:500;\"><p>Priset \u00e4r f\u00f6r hela f\u00f6retaget. Betalning sker \u00e5rsvis.<\/p>\n<p>Vid kvartals- eller halv\u00e5rsbetalning tillkommer en kostnad p\u00e5 100 kr per m\u00e5nad.<\/p>\n<\/div><div class=\"fusion-title title fusion-title-5 fusion-sep-none fusion-title-center fusion-title-text fusion-title-size-four\" style=\"--awb-text-color:#19191b;--awb-font-size:var(--awb-typography2-font-size);\"><h4 class=\"fusion-title-heading title-heading-center fusion-responsive-typography-calculated\" style=\"font-family:var(--awb-typography2-font-family);font-weight:var(--awb-typography2-font-weight);font-style:var(--awb-typography2-font-style);margin:0;font-size:1em;letter-spacing:var(--awb-typography2-letter-spacing);text-transform:var(--awb-typography2-text-transform);--fontSize:24;--minFontSize:24;line-height:var(--awb-typography2-line-height);\">Vad ing\u00e5r<\/h4><\/div><div class=\"fusion-text fusion-text-4 fusion-text-no-margin\" style=\"--awb-content-alignment:center;--awb-font-size:16px;--awb-line-height:1.72em;--awb-letter-spacing:0.01em;--awb-text-transform:var(--awb-typography4-text-transform);--awb-text-color:#19191b;--awb-margin-bottom:0px;--awb-text-font-family:&quot;Plus Jakarta Sans&quot;;--awb-text-font-style:normal;--awb-text-font-weight:400;\"><p>\u00c5tkomst till systemet f\u00f6r upp till 10 anv\u00e4ndare eller administrat\u00f6rer<\/p>\n<p>Obegr\u00e4nsat antal projekt<\/p>\n<p>Support via email<\/p>\n<\/div><\/div><\/div><div class=\"fusion-layout-column fusion_builder_column fusion-builder-column-2 fusion_builder_column_1_5 1_5 fusion-flex-column\" style=\"--awb-padding-top:30px;--awb-padding-right:30px;--awb-padding-bottom:30px;--awb-padding-left:30px;--awb-padding-top-medium:20px;--awb-padding-right-medium:20px;--awb-padding-bottom-medium:20px;--awb-padding-left-medium:20px;--awb-padding-top-small:30px;--awb-padding-right-small:30px;--awb-padding-bottom-small:30px;--awb-padding-left-small:30px;--awb-overflow:hidden;--awb-bg-color:#ffffff;--awb-bg-color-hover:#ffffff;--awb-bg-size:cover;--awb-box-shadow:0px 1px 2px 0px rgba(24,24,27,0.05);;--awb-border-color:#eceff2;--awb-border-top:1px;--awb-border-right:1px;--awb-border-bottom:1px;--awb-border-left:1px;--awb-border-style:solid;--awb-border-radius:12px 12px 12px 12px;--awb-width-large:20%;--awb-margin-top-large:35px;--awb-spacing-right-large:15px;--awb-margin-bottom-large:20px;--awb-spacing-left-large:15px;--awb-width-medium:20%;--awb-order-medium:0;--awb-spacing-right-medium:15px;--awb-spacing-left-medium:15px;--awb-width-small:100%;--awb-order-small:0;--awb-margin-top-small:16px;--awb-spacing-right-small:15px;--awb-margin-bottom-small:16px;--awb-spacing-left-small:15px;\"><div class=\"fusion-column-wrapper fusion-column-has-shadow fusion-flex-justify-content-flex-start fusion-content-layout-column\"><div class=\"fusion-title title fusion-title-6 fusion-sep-none fusion-title-center fusion-title-text fusion-title-size-div\" style=\"--awb-text-color:#19191b;--awb-margin-top:6px;--awb-margin-bottom:12px;--awb-font-size:24px;\"><div class=\"fusion-title-heading title-heading-center title-heading-tag fusion-responsive-typography-calculated\" style=\"font-family:&quot;Plus Jakarta Sans&quot;;font-style:normal;font-weight:500;margin:0;font-size:1em;letter-spacing:-0.01em;text-transform:var(--awb-typography2-text-transform);--fontSize:24;--minFontSize:24;line-height:1.2;\"><p><span style=\"font-size: larger;\">11-20 anv.<\/span><\/p>\n<hr><\/div><\/div><div class=\"fusion-title title fusion-title-7 fusion-sep-none fusion-title-center fusion-title-text fusion-title-size-three\" style=\"--awb-text-color:#19191b;--awb-margin-top:0px;--awb-margin-bottom:0px;--awb-font-size:48px;\"><h3 class=\"fusion-title-heading title-heading-center fusion-responsive-typography-calculated\" style=\"font-family:&quot;Plus Jakarta Sans&quot;;font-style:normal;font-weight:700;margin:0;font-size:1em;letter-spacing:-0.015em;text-transform:var(--awb-typography1-text-transform);--fontSize:48;line-height:1.2;\">1495 <span style=\"font-size: 18px;\">\/m\u00e5n<\/span><\/h3><\/div><div class=\"fusion-text fusion-text-5 fusion-text-no-margin\" style=\"--awb-content-alignment:center;--awb-font-size:13px;--awb-line-height:1.5em;--awb-letter-spacing:0px;--awb-text-transform:var(--awb-typography5-text-transform);--awb-text-color:#70737c;--awb-margin-top:10px;--awb-margin-bottom:48px;--awb-text-font-family:&quot;Plus Jakarta Sans&quot;;--awb-text-font-style:normal;--awb-text-font-weight:500;\"><p>Priset \u00e4r f\u00f6r hela f\u00f6retaget. Betalning sker \u00e5rsvis.<\/p>\n<p>Vid kvartals- eller halv\u00e5rsbetalning tillkommer en kostnad p\u00e5 100 kr per m\u00e5nad.<\/p>\n<\/div><div class=\"fusion-title title fusion-title-8 fusion-sep-none fusion-title-center fusion-title-text fusion-title-size-four\" style=\"--awb-text-color:#19191b;--awb-font-size:var(--awb-typography2-font-size);\"><h4 class=\"fusion-title-heading title-heading-center fusion-responsive-typography-calculated\" style=\"font-family:var(--awb-typography2-font-family);font-weight:var(--awb-typography2-font-weight);font-style:var(--awb-typography2-font-style);margin:0;font-size:1em;letter-spacing:var(--awb-typography2-letter-spacing);text-transform:var(--awb-typography2-text-transform);--fontSize:24;--minFontSize:24;line-height:var(--awb-typography2-line-height);\">Vad ing\u00e5r<\/h4><\/div><div class=\"fusion-text fusion-text-6 fusion-text-no-margin\" style=\"--awb-content-alignment:center;--awb-font-size:16px;--awb-line-height:1.72em;--awb-letter-spacing:0.01em;--awb-text-transform:var(--awb-typography4-text-transform);--awb-text-color:#19191b;--awb-margin-bottom:0px;--awb-text-font-family:&quot;Plus Jakarta Sans&quot;;--awb-text-font-style:normal;--awb-text-font-weight:400;\"><p>\u00c5tkomst till systemet f\u00f6r upp till 20 anv\u00e4ndare eller administrat\u00f6rer<\/p>\n<p>Obegr\u00e4nsat antal projekt<\/p>\n<p>Support via email<\/p>\n<\/div><\/div><\/div><div class=\"fusion-layout-column fusion_builder_column fusion-builder-column-3 fusion_builder_column_1_5 1_5 fusion-flex-column\" style=\"--awb-padding-top:30px;--awb-padding-right:30px;--awb-padding-bottom:30px;--awb-padding-left:30px;--awb-padding-top-medium:20px;--awb-padding-right-medium:20px;--awb-padding-bottom-medium:20px;--awb-padding-left-medium:20px;--awb-padding-top-small:30px;--awb-padding-right-small:30px;--awb-padding-bottom-small:30px;--awb-padding-left-small:30px;--awb-overflow:hidden;--awb-bg-color:#ffffff;--awb-bg-color-hover:#ffffff;--awb-bg-size:cover;--awb-box-shadow:0px 1px 2px 0px rgba(24,24,27,0.05);;--awb-border-color:#eceff2;--awb-border-top:1px;--awb-border-right:1px;--awb-border-bottom:1px;--awb-border-left:1px;--awb-border-style:solid;--awb-border-radius:12px 12px 12px 12px;--awb-width-large:20%;--awb-margin-top-large:35px;--awb-spacing-right-large:15px;--awb-margin-bottom-large:20px;--awb-spacing-left-large:15px;--awb-width-medium:20%;--awb-order-medium:0;--awb-spacing-right-medium:15px;--awb-spacing-left-medium:15px;--awb-width-small:100%;--awb-order-small:0;--awb-margin-top-small:16px;--awb-spacing-right-small:15px;--awb-margin-bottom-small:16px;--awb-spacing-left-small:15px;\"><div class=\"fusion-column-wrapper fusion-column-has-shadow fusion-flex-justify-content-flex-start fusion-content-layout-column\"><div class=\"fusion-title title fusion-title-9 fusion-sep-none fusion-title-center fusion-title-text fusion-title-size-div\" style=\"--awb-text-color:#19191b;--awb-margin-top:6px;--awb-margin-bottom:12px;--awb-font-size:24px;\"><div class=\"fusion-title-heading title-heading-center title-heading-tag fusion-responsive-typography-calculated\" style=\"font-family:&quot;Plus Jakarta Sans&quot;;font-style:normal;font-weight:500;margin:0;font-size:1em;letter-spacing:-0.01em;text-transform:var(--awb-typography2-text-transform);--fontSize:24;--minFontSize:24;line-height:1.2;\"><p><span style=\"font-size: larger;\">21-30<\/span> anv.<\/p>\n<hr><\/div><\/div><div class=\"fusion-title title fusion-title-10 fusion-sep-none fusion-title-center fusion-title-text fusion-title-size-three\" style=\"--awb-text-color:#19191b;--awb-margin-top:0px;--awb-margin-bottom:0px;--awb-font-size:48px;\"><h3 class=\"fusion-title-heading title-heading-center fusion-responsive-typography-calculated\" style=\"font-family:&quot;Plus Jakarta Sans&quot;;font-style:normal;font-weight:700;margin:0;font-size:1em;letter-spacing:-0.015em;text-transform:var(--awb-typography1-text-transform);--fontSize:48;line-height:1.2;\">1995 <span style=\"font-size: 18px;\">\/m\u00e5n<\/span><\/h3><\/div><div class=\"fusion-text fusion-text-7 fusion-text-no-margin\" style=\"--awb-content-alignment:center;--awb-font-size:13px;--awb-line-height:1.5em;--awb-letter-spacing:0px;--awb-text-transform:var(--awb-typography5-text-transform);--awb-text-color:#70737c;--awb-margin-top:10px;--awb-margin-bottom:48px;--awb-text-font-family:&quot;Plus Jakarta Sans&quot;;--awb-text-font-style:normal;--awb-text-font-weight:500;\"><p>Priset \u00e4r f\u00f6r hela f\u00f6retaget. Betalning sker \u00e5rsvis.<\/p>\n<p>Vid kvartals- eller halv\u00e5rsbetalning tillkommer en kostnad p\u00e5 100 kr per m\u00e5nad.<\/p>\n<\/div><div class=\"fusion-title title fusion-title-11 fusion-sep-none fusion-title-center fusion-title-text fusion-title-size-four\" style=\"--awb-text-color:#19191b;--awb-font-size:var(--awb-typography2-font-size);\"><h4 class=\"fusion-title-heading title-heading-center fusion-responsive-typography-calculated\" style=\"font-family:var(--awb-typography2-font-family);font-weight:var(--awb-typography2-font-weight);font-style:var(--awb-typography2-font-style);margin:0;font-size:1em;letter-spacing:var(--awb-typography2-letter-spacing);text-transform:var(--awb-typography2-text-transform);--fontSize:24;--minFontSize:24;line-height:var(--awb-typography2-line-height);\">Vad ing\u00e5r<\/h4><\/div><div class=\"fusion-text fusion-text-8 fusion-text-no-margin\" style=\"--awb-content-alignment:center;--awb-font-size:16px;--awb-line-height:1.72em;--awb-letter-spacing:0.01em;--awb-text-transform:var(--awb-typography4-text-transform);--awb-text-color:#19191b;--awb-margin-bottom:0px;--awb-text-font-family:&quot;Plus Jakarta Sans&quot;;--awb-text-font-style:normal;--awb-text-font-weight:400;\"><p>\u00c5tkomst till systemet f\u00f6r upp till 30 anv\u00e4ndare eller administrat\u00f6rer<\/p>\n<p>Obegr\u00e4nsat antal projekt<\/p>\n<p>Support via email<\/p>\n<\/div><\/div><\/div><\/div><\/div>\n","protected":false},"excerpt":{"rendered":"","protected":false},"author":1,"featured_media":0,"parent":0,"menu_order":0,"comment_status":"closed","ping_status":"closed","template":"100-width.php","meta":{"_monsterinsights_skip_tracking":false,"_monsterinsights_sitenote_active":false,"_monsterinsights_sitenote_note":"","_monsterinsights_sitenote_category":0,"footnotes":""},"class_list":["post-6155","page","type-page","status-publish","hentry"],"yoast_head":"<!-- This site is optimized with the Yoast SEO Premium plugin v22.2 (Yoast SEO v22.2) - https:\/\/yoast.com\/wordpress\/plugins\/seo\/ -->\n<title>Prova tidrapportering gratis - oddoffice<\/title>\n<meta name=\"description\" content=\"Oddoffice tidrapportering f\u00f6r bygg och hantverkare l\u00e5ter dig prova tidrapportering gratis i en enkel och smidig app!\" \/>\n<meta name=\"robots\" content=\"index, follow, max-snippet:-1, max-image-preview:large, max-video-preview:-1\" \/>\n<link rel=\"canonical\" href=\"https:\/\/oddoffice.com\/sv\/priser\/\" \/>\n<meta property=\"og:locale\" content=\"sv_SE\" \/>\n<meta property=\"og:type\" content=\"article\" \/>\n<meta property=\"og:title\" content=\"Priser\" \/>\n<meta property=\"og:description\" content=\"Oddoffice tidrapportering f\u00f6r bygg och hantverkare l\u00e5ter dig prova tidrapportering gratis i en enkel och smidig app!\" \/>\n<meta property=\"og:url\" content=\"https:\/\/oddoffice.com\/sv\/priser\/\" \/>\n<meta property=\"og:site_name\" content=\"oddoffice\" \/>\n<meta property=\"article:modified_time\" content=\"2024-02-19T09:00:19+00:00\" \/>\n<meta name=\"twitter:card\" content=\"summary_large_image\" \/>\n<meta name=\"twitter:label1\" content=\"Est. reading time\" \/>\n\t<meta name=\"twitter:data1\" content=\"1 minute\" \/>\n<script type=\"application\/ld+json\" class=\"yoast-schema-graph\">{\"@context\":\"https:\/\/schema.org\",\"@graph\":[{\"@type\":\"WebPage\",\"@id\":\"https:\/\/oddoffice.com\/sv\/priser\/\",\"url\":\"https:\/\/oddoffice.com\/sv\/priser\/\",\"name\":\"Prova tidrapportering gratis - oddoffice\",\"isPartOf\":{\"@id\":\"https:\/\/oddoffice.com\/sv\/#website\"},\"datePublished\":\"2024-02-03T10:59:06+00:00\",\"dateModified\":\"2024-02-19T09:00:19+00:00\",\"description\":\"Oddoffice tidrapportering f\u00f6r bygg och hantverkare l\u00e5ter dig prova tidrapportering gratis i en enkel och smidig app!\",\"breadcrumb\":{\"@id\":\"https:\/\/oddoffice.com\/sv\/priser\/#breadcrumb\"},\"inLanguage\":\"sv-SE\",\"potentialAction\":[{\"@type\":\"ReadAction\",\"target\":[\"https:\/\/oddoffice.com\/sv\/priser\/\"]}]},{\"@type\":\"BreadcrumbList\",\"@id\":\"https:\/\/oddoffice.com\/sv\/priser\/#breadcrumb\",\"itemListElement\":[{\"@type\":\"ListItem\",\"position\":1,\"name\":\"Home\",\"item\":\"https:\/\/oddoffice.com\/sv\/tidrapportering-bygg\/\"},{\"@type\":\"ListItem\",\"position\":2,\"name\":\"Priser\"}]},{\"@type\":\"WebSite\",\"@id\":\"https:\/\/oddoffice.com\/sv\/#website\",\"url\":\"https:\/\/oddoffice.com\/sv\/\",\"name\":\"oddoffice\",\"description\":\"Tidrapportering i enkel APP f\u00f6r hantverkare och bygg\",\"publisher\":{\"@id\":\"https:\/\/oddoffice.com\/sv\/#organization\"},\"potentialAction\":[{\"@type\":\"SearchAction\",\"target\":{\"@type\":\"EntryPoint\",\"urlTemplate\":\"https:\/\/oddoffice.com\/sv\/?s={search_term_string}\"},\"query-input\":\"required name=search_term_string\"}],\"inLanguage\":\"sv-SE\"},{\"@type\":\"Organization\",\"@id\":\"https:\/\/oddoffice.com\/sv\/#organization\",\"name\":\"oddoffice\",\"url\":\"https:\/\/oddoffice.com\/sv\/\",\"logo\":{\"@type\":\"ImageObject\",\"inLanguage\":\"sv-SE\",\"@id\":\"https:\/\/oddoffice.com\/sv\/#\/schema\/logo\/image\/\",\"url\":\"https:\/\/oddoffice.com\/wp-content\/uploads\/2023\/12\/oddoffice-scaled.webp\",\"contentUrl\":\"https:\/\/oddoffice.com\/wp-content\/uploads\/2023\/12\/oddoffice-scaled.webp\",\"width\":2560,\"height\":609,\"caption\":\"oddoffice\"},\"image\":{\"@id\":\"https:\/\/oddoffice.com\/sv\/#\/schema\/logo\/image\/\"}}]}<\/script>\n<!-- \/ Yoast SEO Premium plugin. -->","yoast_head_json":{"title":"Prova tidrapportering gratis - oddoffice","description":"Oddoffice tidrapportering f\u00f6r bygg och hantverkare l\u00e5ter dig prova tidrapportering gratis i en enkel och smidig app!","robots":{"index":"index","follow":"follow","max-snippet":"max-snippet:-1","max-image-preview":"max-image-preview:large","max-video-preview":"max-video-preview:-1"},"canonical":"https:\/\/oddoffice.com\/sv\/priser\/","og_locale":"sv_SE","og_type":"article","og_title":"Priser","og_description":"Oddoffice tidrapportering f\u00f6r bygg och hantverkare l\u00e5ter dig prova tidrapportering gratis i en enkel och smidig app!","og_url":"https:\/\/oddoffice.com\/sv\/priser\/","og_site_name":"oddoffice","article_modified_time":"2024-02-19T09:00:19+00:00","twitter_card":"summary_large_image","twitter_misc":{"Est. reading time":"1 minute"},"schema":{"@context":"https:\/\/schema.org","@graph":[{"@type":"WebPage","@id":"https:\/\/oddoffice.com\/sv\/priser\/","url":"https:\/\/oddoffice.com\/sv\/priser\/","name":"Prova tidrapportering gratis - oddoffice","isPartOf":{"@id":"https:\/\/oddoffice.com\/sv\/#website"},"datePublished":"2024-02-03T10:59:06+00:00","dateModified":"2024-02-19T09:00:19+00:00","description":"Oddoffice tidrapportering f\u00f6r bygg och hantverkare l\u00e5ter dig prova tidrapportering gratis i en enkel och smidig app!","breadcrumb":{"@id":"https:\/\/oddoffice.com\/sv\/priser\/#breadcrumb"},"inLanguage":"sv-SE","potentialAction":[{"@type":"ReadAction","target":["https:\/\/oddoffice.com\/sv\/priser\/"]}]},{"@type":"BreadcrumbList","@id":"https:\/\/oddoffice.com\/sv\/priser\/#breadcrumb","itemListElement":[{"@type":"ListItem","position":1,"name":"Home","item":"https:\/\/oddoffice.com\/sv\/tidrapportering-bygg\/"},{"@type":"ListItem","position":2,"name":"Priser"}]},{"@type":"WebSite","@id":"https:\/\/oddoffice.com\/sv\/#website","url":"https:\/\/oddoffice.com\/sv\/","name":"oddoffice","description":"Tidrapportering i enkel APP f\u00f6r hantverkare och bygg","publisher":{"@id":"https:\/\/oddoffice.com\/sv\/#organization"},"potentialAction":[{"@type":"SearchAction","target":{"@type":"EntryPoint","urlTemplate":"https:\/\/oddoffice.com\/sv\/?s={search_term_string}"},"query-input":"required name=search_term_string"}],"inLanguage":"sv-SE"},{"@type":"Organization","@id":"https:\/\/oddoffice.com\/sv\/#organization","name":"oddoffice","url":"https:\/\/oddoffice.com\/sv\/","logo":{"@type":"ImageObject","inLanguage":"sv-SE","@id":"https:\/\/oddoffice.com\/sv\/#\/schema\/logo\/image\/","url":"https:\/\/oddoffice.com\/wp-content\/uploads\/2023\/12\/oddoffice-scaled.webp","contentUrl":"https:\/\/oddoffice.com\/wp-content\/uploads\/2023\/12\/oddoffice-scaled.webp","width":2560,"height":609,"caption":"oddoffice"},"image":{"@id":"https:\/\/oddoffice.com\/sv\/#\/schema\/logo\/image\/"}}]}},"_links":{"self":[{"href":"https:\/\/oddoffice.com\/sv\/wp-json\/wp\/v2\/pages\/6155","targetHints":{"allow":["GET"]}}],"collection":[{"href":"https:\/\/oddoffice.com\/sv\/wp-json\/wp\/v2\/pages"}],"about":[{"href":"https:\/\/oddoffice.com\/sv\/wp-json\/wp\/v2\/types\/page"}],"author":[{"embeddable":true,"href":"https:\/\/oddoffice.com\/sv\/wp-json\/wp\/v2\/users\/1"}],"replies":[{"embeddable":true,"href":"https:\/\/oddoffice.com\/sv\/wp-json\/wp\/v2\/comments?post=6155"}],"version-history":[{"count":24,"href":"https:\/\/oddoffice.com\/sv\/wp-json\/wp\/v2\/pages\/6155\/revisions"}],"predecessor-version":[{"id":6275,"href":"https:\/\/oddoffice.com\/sv\/wp-json\/wp\/v2\/pages\/6155\/revisions\/6275"}],"wp:attachment":[{"href":"https:\/\/oddoffice.com\/sv\/wp-json\/wp\/v2\/media?parent=6155"}],"curies":[{"name":"wp","href":"https:\/\/api.w.org\/{rel}","templated":true}]}}